{"id":875,"date":"2021-11-18T07:28:05","date_gmt":"2021-11-18T12:28:05","guid":{"rendered":"https:\/\/demo.visitaccess.com\/brphsc\/socios-en-educacion\/"},"modified":"2025-08-14T15:26:24","modified_gmt":"2025-08-14T19:26:24","slug":"socios-en-educacion","status":"publish","type":"page","link":"https:\/\/dev.virginiahealthcareers.org\/blue-ridge\/es\/socios-en-educacion\/","title":{"rendered":"Socios de <span>educaci\u00f3n<\/span>"},"content":{"rendered":"\n<p>Los socios de educaci\u00f3n de BRPHSC ayudan a cerrar la brecha entre la educaci\u00f3n y el empleo al aumentar el acceso a formaci\u00f3n, acreditaciones y t\u00edtulos para estudiantes y profesores en la industria, reunir a estudiantes y empleadores, darles a los empleadores acceso a posibles futuros empleados, y m\u00e1s. <\/p>\n\n<p>La sociedad atiende a toda la regi\u00f3n GO Virginia Region 2 que est\u00e1 compuesta por las ciudades de Covington, Lynchburg, Radford, Roanoke y Salem; y los condados de Alleghany, Amherst, Appomattox, Bedford, Botetourt, Campbell, Craig, Floyd, Franklin, Giles, Montgomery, Pulaski y Roanoke. Alentamos a todos los distritos escolares de nivel K\u201312, institutos terciarios p\u00fablicos, universidades e instituciones de posgrado de esta regi\u00f3n a convertirse en socios de educaci\u00f3n.  <\/p>\n\n<p><strong>NUESTROS OBJETIVOS<\/strong><strong><\/strong> <\/p>\n\n<p>Los l\u00edderes del BRPHSC han creado un enfoque p\u00fablico-privado de la instrucci\u00f3n que aprovecha los recursos existentes, estandariza un plan de estudios riguroso informado por los empleadores y lo integra en el sistema educativo desde el K-12 hasta los niveles postsecundarios.  <\/p>\n\n<p>Algunos de los objetivos importantes de la sociedad son los siguientes: <\/p>\n\n<ul class=\"wp-block-list\">\n<li>Cerrar las brechas en educaci\u00f3n entre los distritos escolares, institutos terciarios p\u00fablicos y universidades <\/li>\n\n\n\n<li>Garantizar que los cr\u00e9ditos en el plan de estudios pertinente se puedan transferir entre los institutos terciarios p\u00fablicos y las universidades <\/li>\n\n\n\n<li>Aumentar el acceso a formaci\u00f3n, acreditaciones y t\u00edtulos para estudiantes y profesores en la industria <\/li>\n\n\n\n<li>Eliminar las barreras al \u00e9xito de los programas mediante el aumento de la cantidad de profesores certificados, el crecimiento de oportunidades de aprendizaje basadas en el trabajo y el abordaje de servicios comprehensivos para estudiantes <\/li>\n\n\n\n<li>Garantizar que la regi\u00f3n tenga profesionales de ciencias de la salud calificados para satisfacer las necesidades de los empleadores de la salud de nuestra regi\u00f3n, ayudar a atraer y retener a las empresas que busquen mudarse a nuestra regi\u00f3n y apoyar las necesidades de personal de las empresas emergentes <\/li>\n<\/ul>\n","protected":false},"excerpt":{"rendered":"<p>Los socios de educaci\u00f3n de BRPHSC ayudan a cerrar la brecha entre la educaci\u00f3n y el empleo al aumentar el acceso a formaci\u00f3n, acreditaciones y t\u00edtulos para estudiantes y profesores en la industria, reunir a estudiantes y empleadores, darles a los empleadores acceso a posibles futuros empleados, y m\u00e1s. La sociedad atiende a toda la [&#8230;]<\/p>\n<p><a class=\"btn btn-secondary understrap-read-more-link\" href=\"https:\/\/dev.virginiahealthcareers.org\/blue-ridge\/es\/socios-en-educacion\/\">Leer m\u00e1s&#8230;<\/a><\/p>\n","protected":false},"author":2,"featured_media":0,"parent":0,"menu_order":0,"comment_status":"closed","ping_status":"closed","template":"page-templates\/page-default-interior.php","meta":{"_acf_changed":false,"inline_featured_image":false,"footnotes":""},"class_list":["post-875","page","type-page","status-publish","hentry"],"acf":[],"yoast_head":"<!-- This site is optimized with the Yoast SEO plugin v25.7 - https:\/\/yoast.com\/wordpress\/plugins\/seo\/ -->\n<title>Socios de educaci\u00f3n - Blue Ridge Partnership Health Science Careers<\/title>\n<meta name=\"robots\" content=\"index, follow, max-snippet:-1, max-image-preview:large, max-video-preview:-1\" \/>\n<link rel=\"canonical\" href=\"https:\/\/dev.virginiahealthcareers.org\/blue-ridge\/es\/socios-en-educacion\/\" \/>\n<meta property=\"og:locale\" content=\"es_ES\" \/>\n<meta property=\"og:type\" content=\"article\" \/>\n<meta property=\"og:title\" content=\"Socios de educaci\u00f3n - Blue Ridge Partnership Health Science Careers\" \/>\n<meta property=\"og:description\" content=\"Los socios de educaci\u00f3n de BRPHSC ayudan a cerrar la brecha entre la educaci\u00f3n y el empleo al aumentar el acceso a formaci\u00f3n, acreditaciones y t\u00edtulos para estudiantes y profesores en la industria, reunir a estudiantes y empleadores, darles a los empleadores acceso a posibles futuros empleados, y m\u00e1s. La sociedad atiende a toda la [...]Leer m\u00e1s...\" \/>\n<meta property=\"og:url\" content=\"https:\/\/dev.virginiahealthcareers.org\/blue-ridge\/es\/socios-en-educacion\/\" \/>\n<meta property=\"og:site_name\" content=\"Blue Ridge Partnership Health Science Careers\" \/>\n<meta property=\"article:modified_time\" content=\"2025-08-14T19:26:24+00:00\" \/>\n<meta name=\"twitter:card\" content=\"summary_large_image\" \/>\n<meta name=\"twitter:label1\" content=\"Tiempo de lectura\" \/>\n\t<meta name=\"twitter:data1\" content=\"2 minutos\" \/>\n<script type=\"application\/ld+json\" class=\"yoast-schema-graph\">{\"@context\":\"https:\/\/schema.org\",\"@graph\":[{\"@type\":\"WebPage\",\"@id\":\"https:\/\/dev.virginiahealthcareers.org\/blue-ridge\/es\/socios-en-educacion\/\",\"url\":\"https:\/\/dev.virginiahealthcareers.org\/blue-ridge\/es\/socios-en-educacion\/\",\"name\":\"Socios de educaci\u00f3n - Blue Ridge Partnership Health Science Careers\",\"isPartOf\":{\"@id\":\"https:\/\/dev.virginiahealthcareers.org\/blue-ridge\/es\/#website\"},\"datePublished\":\"2021-11-18T12:28:05+00:00\",\"dateModified\":\"2025-08-14T19:26:24+00:00\",\"breadcrumb\":{\"@id\":\"https:\/\/dev.virginiahealthcareers.org\/blue-ridge\/es\/socios-en-educacion\/#breadcrumb\"},\"inLanguage\":\"es\",\"potentialAction\":[{\"@type\":\"ReadAction\",\"target\":[\"https:\/\/dev.virginiahealthcareers.org\/blue-ridge\/es\/socios-en-educacion\/\"]}]},{\"@type\":\"BreadcrumbList\",\"@id\":\"https:\/\/dev.virginiahealthcareers.org\/blue-ridge\/es\/socios-en-educacion\/#breadcrumb\",\"itemListElement\":[{\"@type\":\"ListItem\",\"position\":1,\"name\":\"Home\",\"item\":\"https:\/\/dev.virginiahealthcareers.org\/blue-ridge\/es\/\"},{\"@type\":\"ListItem\",\"position\":2,\"name\":\"Socios de educaci\u00f3n\"}]},{\"@type\":\"WebSite\",\"@id\":\"https:\/\/dev.virginiahealthcareers.org\/blue-ridge\/es\/#website\",\"url\":\"https:\/\/dev.virginiahealthcareers.org\/blue-ridge\/es\/\",\"name\":\"Blue Ridge Partnership Health Science Careers\",\"description\":\"A career for everyone\",\"publisher\":{\"@id\":\"https:\/\/dev.virginiahealthcareers.org\/blue-ridge\/es\/#organization\"},\"potentialAction\":[{\"@type\":\"SearchAction\",\"target\":{\"@type\":\"EntryPoint\",\"urlTemplate\":\"https:\/\/dev.virginiahealthcareers.org\/blue-ridge\/es\/?s={search_term_string}\"},\"query-input\":{\"@type\":\"PropertyValueSpecification\",\"valueRequired\":true,\"valueName\":\"search_term_string\"}}],\"inLanguage\":\"es\"},{\"@type\":\"Organization\",\"@id\":\"https:\/\/dev.virginiahealthcareers.org\/blue-ridge\/es\/#organization\",\"name\":\"Blue Ridge Partnership for Health Science Careers\",\"url\":\"https:\/\/dev.virginiahealthcareers.org\/blue-ridge\/es\/\",\"logo\":{\"@type\":\"ImageObject\",\"inLanguage\":\"es\",\"@id\":\"https:\/\/dev.virginiahealthcareers.org\/blue-ridge\/es\/#\/schema\/logo\/image\/\",\"url\":\"https:\/\/dev.virginiahealthcareers.org\/blue-ridge\/wp-content\/uploads\/sites\/2\/2021\/11\/header-logo.png\",\"contentUrl\":\"https:\/\/dev.virginiahealthcareers.org\/blue-ridge\/wp-content\/uploads\/sites\/2\/2021\/11\/header-logo.png\",\"width\":824,\"height\":264,\"caption\":\"Blue Ridge Partnership for Health Science Careers\"},\"image\":{\"@id\":\"https:\/\/dev.virginiahealthcareers.org\/blue-ridge\/es\/#\/schema\/logo\/image\/\"}}]}<\/script>\n<!-- \/ Yoast SEO plugin. -->","yoast_head_json":{"title":"Socios de educaci\u00f3n - Blue Ridge Partnership Health Science Careers","robots":{"index":"index","follow":"follow","max-snippet":"max-snippet:-1","max-image-preview":"max-image-preview:large","max-video-preview":"max-video-preview:-1"},"canonical":"https:\/\/dev.virginiahealthcareers.org\/blue-ridge\/es\/socios-en-educacion\/","og_locale":"es_ES","og_type":"article","og_title":"Socios de educaci\u00f3n - Blue Ridge Partnership Health Science Careers","og_description":"Los socios de educaci\u00f3n de BRPHSC ayudan a cerrar la brecha entre la educaci\u00f3n y el empleo al aumentar el acceso a formaci\u00f3n, acreditaciones y t\u00edtulos para estudiantes y profesores en la industria, reunir a estudiantes y empleadores, darles a los empleadores acceso a posibles futuros empleados, y m\u00e1s. La sociedad atiende a toda la [...]Leer m\u00e1s...","og_url":"https:\/\/dev.virginiahealthcareers.org\/blue-ridge\/es\/socios-en-educacion\/","og_site_name":"Blue Ridge Partnership Health Science Careers","article_modified_time":"2025-08-14T19:26:24+00:00","twitter_card":"summary_large_image","twitter_misc":{"Tiempo de lectura":"2 minutos"},"schema":{"@context":"https:\/\/schema.org","@graph":[{"@type":"WebPage","@id":"https:\/\/dev.virginiahealthcareers.org\/blue-ridge\/es\/socios-en-educacion\/","url":"https:\/\/dev.virginiahealthcareers.org\/blue-ridge\/es\/socios-en-educacion\/","name":"Socios de educaci\u00f3n - Blue Ridge Partnership Health Science Careers","isPartOf":{"@id":"https:\/\/dev.virginiahealthcareers.org\/blue-ridge\/es\/#website"},"datePublished":"2021-11-18T12:28:05+00:00","dateModified":"2025-08-14T19:26:24+00:00","breadcrumb":{"@id":"https:\/\/dev.virginiahealthcareers.org\/blue-ridge\/es\/socios-en-educacion\/#breadcrumb"},"inLanguage":"es","potentialAction":[{"@type":"ReadAction","target":["https:\/\/dev.virginiahealthcareers.org\/blue-ridge\/es\/socios-en-educacion\/"]}]},{"@type":"BreadcrumbList","@id":"https:\/\/dev.virginiahealthcareers.org\/blue-ridge\/es\/socios-en-educacion\/#breadcrumb","itemListElement":[{"@type":"ListItem","position":1,"name":"Home","item":"https:\/\/dev.virginiahealthcareers.org\/blue-ridge\/es\/"},{"@type":"ListItem","position":2,"name":"Socios de educaci\u00f3n"}]},{"@type":"WebSite","@id":"https:\/\/dev.virginiahealthcareers.org\/blue-ridge\/es\/#website","url":"https:\/\/dev.virginiahealthcareers.org\/blue-ridge\/es\/","name":"Blue Ridge Partnership Health Science Careers","description":"A career for everyone","publisher":{"@id":"https:\/\/dev.virginiahealthcareers.org\/blue-ridge\/es\/#organization"},"potentialAction":[{"@type":"SearchAction","target":{"@type":"EntryPoint","urlTemplate":"https:\/\/dev.virginiahealthcareers.org\/blue-ridge\/es\/?s={search_term_string}"},"query-input":{"@type":"PropertyValueSpecification","valueRequired":true,"valueName":"search_term_string"}}],"inLanguage":"es"},{"@type":"Organization","@id":"https:\/\/dev.virginiahealthcareers.org\/blue-ridge\/es\/#organization","name":"Blue Ridge Partnership for Health Science Careers","url":"https:\/\/dev.virginiahealthcareers.org\/blue-ridge\/es\/","logo":{"@type":"ImageObject","inLanguage":"es","@id":"https:\/\/dev.virginiahealthcareers.org\/blue-ridge\/es\/#\/schema\/logo\/image\/","url":"https:\/\/dev.virginiahealthcareers.org\/blue-ridge\/wp-content\/uploads\/sites\/2\/2021\/11\/header-logo.png","contentUrl":"https:\/\/dev.virginiahealthcareers.org\/blue-ridge\/wp-content\/uploads\/sites\/2\/2021\/11\/header-logo.png","width":824,"height":264,"caption":"Blue Ridge Partnership for Health Science Careers"},"image":{"@id":"https:\/\/dev.virginiahealthcareers.org\/blue-ridge\/es\/#\/schema\/logo\/image\/"}}]}},"_links":{"self":[{"href":"https:\/\/dev.virginiahealthcareers.org\/blue-ridge\/es\/wp-json\/wp\/v2\/pages\/875","targetHints":{"allow":["GET"]}}],"collection":[{"href":"https:\/\/dev.virginiahealthcareers.org\/blue-ridge\/es\/wp-json\/wp\/v2\/pages"}],"about":[{"href":"https:\/\/dev.virginiahealthcareers.org\/blue-ridge\/es\/wp-json\/wp\/v2\/types\/page"}],"author":[{"embeddable":true,"href":"https:\/\/dev.virginiahealthcareers.org\/blue-ridge\/es\/wp-json\/wp\/v2\/users\/2"}],"replies":[{"embeddable":true,"href":"https:\/\/dev.virginiahealthcareers.org\/blue-ridge\/es\/wp-json\/wp\/v2\/comments?post=875"}],"version-history":[{"count":37,"href":"https:\/\/dev.virginiahealthcareers.org\/blue-ridge\/es\/wp-json\/wp\/v2\/pages\/875\/revisions"}],"predecessor-version":[{"id":1501,"href":"https:\/\/dev.virginiahealthcareers.org\/blue-ridge\/es\/wp-json\/wp\/v2\/pages\/875\/revisions\/1501"}],"wp:attachment":[{"href":"https:\/\/dev.virginiahealthcareers.org\/blue-ridge\/es\/wp-json\/wp\/v2\/media?parent=875"}],"curies":[{"name":"wp","href":"https:\/\/api.w.org\/{rel}","templated":true}]}}