{"id":881,"date":"2021-11-18T07:27:07","date_gmt":"2021-11-18T12:27:07","guid":{"rendered":"https:\/\/demo.visitaccess.com\/brphsc\/le-interesan-las-carreras-sanitarias\/"},"modified":"2025-08-14T15:26:20","modified_gmt":"2025-08-14T19:26:20","slug":"le-interesan-las-carreras-sanitarias","status":"publish","type":"page","link":"https:\/\/dev.virginiahealthcareers.org\/blue-ridge\/es\/le-interesan-las-carreras-sanitarias\/","title":{"rendered":"Carreras Profesionales En <span>Salud<\/span>"},"content":{"rendered":"\n<p>\u00a1Lo necesitamos AHORA! Las necesidades de trabajadores en las ciencias biol\u00f3gicas y de la salud se multiplican a diario, y los mejores empleadores de la atenci\u00f3n m\u00e9dica de nuestra regi\u00f3n ofrecen carreras profesionales emocionantes y gratificantes en muchas disciplinas. &nbsp;<\/p>\n\n\n\n<p>\u00bfDisfruta de brindar un tratamiento m\u00e9dico pr\u00e1ctico, tiene habilidades organizativas excelentes o le interesa la inform\u00e1tica? Si es as\u00ed, la formaci\u00f3n en atenci\u00f3n m\u00e9dica es una oportunidad \u00fanica para aprender y acumular habilidades y credenciales que lo llevar\u00e1n a tener una carrera profesional mejor y m\u00e1s gratificante.<\/p>\n\n\n\n<p><strong>Carreras profesionales en salud solicitadas en la regi\u00f3n GO Virginia Region 2<\/strong><\/p>\n\n\n\n<p><strong><strong>Carreras profesionales que se necesitan en los pr\u00f3ximos 1 a 3 a\u00f1os<\/strong><\/strong><\/p>\n\n\n\n<div class=\"wp-block-columns is-layout-flex wp-container-core-columns-is-layout-9d6595d7 wp-block-columns-is-layout-flex\">\n<div class=\"wp-block-column is-layout-flow wp-block-column-is-layout-flow\">\n<ul class=\"wp-block-list\">\n<li>Auxiliar de enfermer\u00eda (NA)<\/li>\n\n\n\n<li>Auxiliar de enfermer\u00eda certificado (CNA)<\/li>\n\n\n\n<li>T\u00e9cnico en psiquiatr\u00eda<\/li>\n\n\n\n<li>Auxiliar m\u00e9dico certificado (CMA)<\/li>\n\n\n\n<li>Personal de enfermer\u00eda practicante licenciado (LPN)<\/li>\n\n\n\n<li>Director de enfermer\u00eda<\/li>\n\n\n\n<li>Supervisor del personal de enfermer\u00eda (se prefiere personal de enfermer\u00eda certificado)<\/li>\n\n\n\n<li>Gerente de la Unidad de enfermer\u00eda (se prefiere personal de enfermer\u00eda certificado)<\/li>\n<\/ul>\n<\/div>\n\n\n\n<div class=\"wp-block-column is-layout-flow wp-block-column-is-layout-flow\">\n<ul class=\"wp-block-list\">\n<li>Personal de enfermer\u00eda: personal de enfermer\u00eda certificado<\/li>\n\n\n\n<li>Auxiliar de fisioterapia<\/li>\n\n\n\n<li>Fisioterapeuta<\/li>\n\n\n\n<li>Terapeuta ocupacional<\/li>\n\n\n\n<li>Terapeuta del habla<\/li>\n\n\n\n<li>Auxiliar de nutrici\u00f3n<\/li>\n\n\n\n<li>Nutricionista certificado<\/li>\n\n\n\n<li>Gerente de servicios alimentarios y cocineros<\/li>\n\n\n\n<li>T\u00e9cnico en cirug\u00eda<\/li>\n\n\n\n<li>Atenci\u00f3n respiratoria<\/li>\n<\/ul>\n<\/div>\n\n\n\n<div class=\"wp-block-column is-layout-flow wp-block-column-is-layout-flow\">\n<ul class=\"wp-block-list\">\n<li>T\u00e9cnico en farmacia<\/li>\n\n\n\n<li>Ecografista<\/li>\n\n\n\n<li>Desarrollador de ETL (extracci\u00f3n, transformaci\u00f3n y carga de datos)<\/li>\n\n\n\n<li>Ingeniero de redes<\/li>\n\n\n\n<li>T\u00e9cnico en emergencias m\u00e9dicas y param\u00e9dico<\/li>\n\n\n\n<li>Mantenimiento: ingenieros en construcci\u00f3n, plomeros, electricistas, carpinteros, t\u00e9cnicos en calefacci\u00f3n, ventilaci\u00f3n y aire acondicionado (HVAC)<\/li>\n\n\n\n<li>Ingeniero en biotecnolog\u00eda<\/li>\n\n\n\n<li>T\u00e9cnico en radiograf\u00eda<\/li>\n<\/ul>\n<\/div>\n<\/div>\n\n\n\n<p><strong><strong>Carreras profesionales que se necesitan en los pr\u00f3ximos 3 a 5 a\u00f1os<\/strong><\/strong><\/p>\n\n\n\n<ul class=\"wp-block-list\">\n<li>Tecnolog\u00eda biom\u00e9dica &#8211; rob\u00f3tica, ingenier\u00eda<\/li>\n\n\n\n<li>Especialistas en bioinform\u00e1tica para el an\u00e1lisis de datos de salud de la poblaci\u00f3n<\/li>\n\n\n\n<li>IA y algoritmos para la toma de decisiones en enfermedades cr\u00f3nicas: matem\u00e1ticos e ingenieros de sistemas<\/li>\n\n\n\n<li>Gesti\u00f3n de las comunicaciones para la telesalud (texto\/v\u00eddeo)<\/li>\n\n\n\n<li>Envejecer en casa: arquitectura, tecnolog\u00eda y hospitalidad<\/li>\n\n\n\n<li>Coordinador de investigaci\u00f3n cl\u00ednica (CRC\/N)<\/li>\n\n\n\n<li>Asistente de investigaci\u00f3n cl\u00ednica<\/li>\n\n\n\n<li>Asistente de investigaci\u00f3n cl\u00ednica (an\u00e1lisis sanitario)<\/li>\n\n\n\n<li>Administrador\/gestor de investigaci\u00f3n cl\u00ednica<\/li>\n\n\n\n<li>Investigador cl\u00ednico asociado (CRA)<\/li>\n\n\n\n<li>Coordinador de asuntos de reglamentaci\u00f3n cl\u00ednica<\/li>\n\n\n\n<li>Analista financiero de investigaci\u00f3n cl\u00ednica<\/li>\n<\/ul>\n\n\n\n<p><strong><strong>Carreras profesionales que se necesitan en 5 a 10 a\u00f1os<\/strong><\/strong><\/p>\n\n\n\n<ul class=\"wp-block-list\">\n<li>Director de proyectos de investigaci\u00f3n: navegar el entorno de regulaciones federales<\/li>\n\n\n\n<li>Escritor m\u00e9dico: escritor para subvenciones<\/li>\n\n\n\n<li>Salud ambiental: planificaci\u00f3n urbana<\/li>\n\n\n\n<li>Administrador de subsidios<\/li>\n\n\n\n<li>Director del Consejo de revisi\u00f3n institucional (IRB)<\/li>\n\n\n\n<li>Administrador de asuntos regulatorios institucionales<\/li>\n\n\n\n<li>Especialista en cumplimiento de la investigaci\u00f3n<\/li>\n<\/ul>\n\n\n\n<h2 class=\"wp-block-heading\"><strong>Su mapa de las carreras profesionales en atenci\u00f3n m\u00e9dica<\/strong><\/h2>\n\n\n\n<p>Si bien no todas las trayectorias profesionales son iguales, estas son algunas de las trayectorias en atenci\u00f3n m\u00e9dica m\u00e1s comunes que observamos de un trabajo a otro y que ofrecen una perspectiva de las posibilidades profesionales.<\/p>\n\n\n\n<p class=\"has-text-align-center\"><a href=\"https:\/\/dev.virginiahealthcareers.org\/blue-ridge\/es\/le-interesan-las-carreras-sanitarias\/infografia\/\"><strong>Mapa de carreras profesionales<\/strong><\/a><\/p>\n\n\n\n<p>Para obtener m\u00e1s informaci\u00f3n sobre las oportunidades de empleo, complete el formulario a continuaci\u00f3n y lo comunicaremos con las escuelas o los empleadores adecuados, seg\u00fan en qu\u00e9 lugar se encuentre en su trayectoria de empleo en la atenci\u00f3n m\u00e9dica.<\/p>\n\n\n\n<h2 class=\"wp-block-heading\"><strong>Explore los trabajos en la atenci\u00f3n m\u00e9dica en todo el estado de Virginia&nbsp;&nbsp;<\/strong><\/h2>\n\n\n\n<p>Busque trabajo en hospitales y el sector de atenci\u00f3n m\u00e9dica en todo el estado de Virginia y post\u00falese con un clic en este sitio \u00fatil que organiza el Hospital de Virginia y la asociaci\u00f3n Healthcare Association. \u00bfTodav\u00eda est\u00e1 averiguando por d\u00f3nde empezar? Obtenga m\u00e1s informaci\u00f3n sobre los hospitales de Virginia y las regiones aqu\u00ed.\u00a0\u00a0<\/p>\n\n\n\n<p><a href=\"https:\/\/jobs.onboardvirginia.com\/results\" target=\"_blank\" rel=\"noreferrer noopener\">https:\/\/jobs.onboardvirginia.com\/results<\/a><\/p>\n\n\n\n<p><a href=\"https:\/\/onboardvirginia.com\/why-virginia\/\" target=\"_blank\" rel=\"noreferrer noopener\">https:\/\/onboardvirginia.com\/why-virginia\/<\/a><\/p>\n","protected":false},"excerpt":{"rendered":"<p>\u00a1Lo necesitamos AHORA! Las necesidades de trabajadores en las ciencias biol\u00f3gicas y de la salud se multiplican a diario, y los mejores empleadores de la atenci\u00f3n m\u00e9dica de nuestra regi\u00f3n ofrecen carreras profesionales emocionantes y gratificantes en muchas disciplinas. &nbsp; \u00bfDisfruta de brindar un tratamiento m\u00e9dico pr\u00e1ctico, tiene habilidades organizativas excelentes o le interesa la [&#8230;]<\/p>\n<p><a class=\"btn btn-secondary understrap-read-more-link\" href=\"https:\/\/dev.virginiahealthcareers.org\/blue-ridge\/es\/le-interesan-las-carreras-sanitarias\/\">Leer m\u00e1s&#8230;<\/a><\/p>\n","protected":false},"author":2,"featured_media":0,"parent":0,"menu_order":0,"comment_status":"closed","ping_status":"closed","template":"page-templates\/page-default-interior.php","meta":{"_acf_changed":false,"inline_featured_image":false,"footnotes":""},"class_list":["post-881","page","type-page","status-publish","hentry"],"acf":[],"yoast_head":"<!-- This site is optimized with the Yoast SEO plugin v25.7 - https:\/\/yoast.com\/wordpress\/plugins\/seo\/ -->\n<title>Carreras Profesionales En Salud - Blue Ridge Partnership Health Science Careers<\/title>\n<meta name=\"robots\" content=\"index, follow, max-snippet:-1, max-image-preview:large, max-video-preview:-1\" \/>\n<link rel=\"canonical\" href=\"https:\/\/dev.virginiahealthcareers.org\/blue-ridge\/es\/le-interesan-las-carreras-sanitarias\/\" \/>\n<meta property=\"og:locale\" content=\"es_ES\" \/>\n<meta property=\"og:type\" content=\"article\" \/>\n<meta property=\"og:title\" content=\"Carreras Profesionales En Salud - Blue Ridge Partnership Health Science Careers\" \/>\n<meta property=\"og:description\" content=\"\u00a1Lo necesitamos AHORA! Las necesidades de trabajadores en las ciencias biol\u00f3gicas y de la salud se multiplican a diario, y los mejores empleadores de la atenci\u00f3n m\u00e9dica de nuestra regi\u00f3n ofrecen carreras profesionales emocionantes y gratificantes en muchas disciplinas. &nbsp; \u00bfDisfruta de brindar un tratamiento m\u00e9dico pr\u00e1ctico, tiene habilidades organizativas excelentes o le interesa la [...]Leer m\u00e1s...\" \/>\n<meta property=\"og:url\" content=\"https:\/\/dev.virginiahealthcareers.org\/blue-ridge\/es\/le-interesan-las-carreras-sanitarias\/\" \/>\n<meta property=\"og:site_name\" content=\"Blue Ridge Partnership Health Science Careers\" \/>\n<meta property=\"article:modified_time\" content=\"2025-08-14T19:26:20+00:00\" \/>\n<meta name=\"twitter:card\" content=\"summary_large_image\" \/>\n<meta name=\"twitter:label1\" content=\"Tiempo de lectura\" \/>\n\t<meta name=\"twitter:data1\" content=\"3 minutos\" \/>\n<script type=\"application\/ld+json\" class=\"yoast-schema-graph\">{\"@context\":\"https:\/\/schema.org\",\"@graph\":[{\"@type\":\"WebPage\",\"@id\":\"https:\/\/dev.virginiahealthcareers.org\/blue-ridge\/es\/le-interesan-las-carreras-sanitarias\/\",\"url\":\"https:\/\/dev.virginiahealthcareers.org\/blue-ridge\/es\/le-interesan-las-carreras-sanitarias\/\",\"name\":\"Carreras Profesionales En Salud - Blue Ridge Partnership Health Science Careers\",\"isPartOf\":{\"@id\":\"https:\/\/dev.virginiahealthcareers.org\/blue-ridge\/es\/#website\"},\"datePublished\":\"2021-11-18T12:27:07+00:00\",\"dateModified\":\"2025-08-14T19:26:20+00:00\",\"breadcrumb\":{\"@id\":\"https:\/\/dev.virginiahealthcareers.org\/blue-ridge\/es\/le-interesan-las-carreras-sanitarias\/#breadcrumb\"},\"inLanguage\":\"es\",\"potentialAction\":[{\"@type\":\"ReadAction\",\"target\":[\"https:\/\/dev.virginiahealthcareers.org\/blue-ridge\/es\/le-interesan-las-carreras-sanitarias\/\"]}]},{\"@type\":\"BreadcrumbList\",\"@id\":\"https:\/\/dev.virginiahealthcareers.org\/blue-ridge\/es\/le-interesan-las-carreras-sanitarias\/#breadcrumb\",\"itemListElement\":[{\"@type\":\"ListItem\",\"position\":1,\"name\":\"Home\",\"item\":\"https:\/\/dev.virginiahealthcareers.org\/blue-ridge\/es\/\"},{\"@type\":\"ListItem\",\"position\":2,\"name\":\"Carreras Profesionales En Salud\"}]},{\"@type\":\"WebSite\",\"@id\":\"https:\/\/dev.virginiahealthcareers.org\/blue-ridge\/es\/#website\",\"url\":\"https:\/\/dev.virginiahealthcareers.org\/blue-ridge\/es\/\",\"name\":\"Blue Ridge Partnership Health Science Careers\",\"description\":\"A career for everyone\",\"publisher\":{\"@id\":\"https:\/\/dev.virginiahealthcareers.org\/blue-ridge\/es\/#organization\"},\"potentialAction\":[{\"@type\":\"SearchAction\",\"target\":{\"@type\":\"EntryPoint\",\"urlTemplate\":\"https:\/\/dev.virginiahealthcareers.org\/blue-ridge\/es\/?s={search_term_string}\"},\"query-input\":{\"@type\":\"PropertyValueSpecification\",\"valueRequired\":true,\"valueName\":\"search_term_string\"}}],\"inLanguage\":\"es\"},{\"@type\":\"Organization\",\"@id\":\"https:\/\/dev.virginiahealthcareers.org\/blue-ridge\/es\/#organization\",\"name\":\"Blue Ridge Partnership for Health Science Careers\",\"url\":\"https:\/\/dev.virginiahealthcareers.org\/blue-ridge\/es\/\",\"logo\":{\"@type\":\"ImageObject\",\"inLanguage\":\"es\",\"@id\":\"https:\/\/dev.virginiahealthcareers.org\/blue-ridge\/es\/#\/schema\/logo\/image\/\",\"url\":\"https:\/\/dev.virginiahealthcareers.org\/blue-ridge\/wp-content\/uploads\/sites\/2\/2021\/11\/header-logo.png\",\"contentUrl\":\"https:\/\/dev.virginiahealthcareers.org\/blue-ridge\/wp-content\/uploads\/sites\/2\/2021\/11\/header-logo.png\",\"width\":824,\"height\":264,\"caption\":\"Blue Ridge Partnership for Health Science Careers\"},\"image\":{\"@id\":\"https:\/\/dev.virginiahealthcareers.org\/blue-ridge\/es\/#\/schema\/logo\/image\/\"}}]}<\/script>\n<!-- \/ Yoast SEO plugin. -->","yoast_head_json":{"title":"Carreras Profesionales En Salud - Blue Ridge Partnership Health Science Careers","robots":{"index":"index","follow":"follow","max-snippet":"max-snippet:-1","max-image-preview":"max-image-preview:large","max-video-preview":"max-video-preview:-1"},"canonical":"https:\/\/dev.virginiahealthcareers.org\/blue-ridge\/es\/le-interesan-las-carreras-sanitarias\/","og_locale":"es_ES","og_type":"article","og_title":"Carreras Profesionales En Salud - Blue Ridge Partnership Health Science Careers","og_description":"\u00a1Lo necesitamos AHORA! Las necesidades de trabajadores en las ciencias biol\u00f3gicas y de la salud se multiplican a diario, y los mejores empleadores de la atenci\u00f3n m\u00e9dica de nuestra regi\u00f3n ofrecen carreras profesionales emocionantes y gratificantes en muchas disciplinas. &nbsp; \u00bfDisfruta de brindar un tratamiento m\u00e9dico pr\u00e1ctico, tiene habilidades organizativas excelentes o le interesa la [...]Leer m\u00e1s...","og_url":"https:\/\/dev.virginiahealthcareers.org\/blue-ridge\/es\/le-interesan-las-carreras-sanitarias\/","og_site_name":"Blue Ridge Partnership Health Science Careers","article_modified_time":"2025-08-14T19:26:20+00:00","twitter_card":"summary_large_image","twitter_misc":{"Tiempo de lectura":"3 minutos"},"schema":{"@context":"https:\/\/schema.org","@graph":[{"@type":"WebPage","@id":"https:\/\/dev.virginiahealthcareers.org\/blue-ridge\/es\/le-interesan-las-carreras-sanitarias\/","url":"https:\/\/dev.virginiahealthcareers.org\/blue-ridge\/es\/le-interesan-las-carreras-sanitarias\/","name":"Carreras Profesionales En Salud - Blue Ridge Partnership Health Science Careers","isPartOf":{"@id":"https:\/\/dev.virginiahealthcareers.org\/blue-ridge\/es\/#website"},"datePublished":"2021-11-18T12:27:07+00:00","dateModified":"2025-08-14T19:26:20+00:00","breadcrumb":{"@id":"https:\/\/dev.virginiahealthcareers.org\/blue-ridge\/es\/le-interesan-las-carreras-sanitarias\/#breadcrumb"},"inLanguage":"es","potentialAction":[{"@type":"ReadAction","target":["https:\/\/dev.virginiahealthcareers.org\/blue-ridge\/es\/le-interesan-las-carreras-sanitarias\/"]}]},{"@type":"BreadcrumbList","@id":"https:\/\/dev.virginiahealthcareers.org\/blue-ridge\/es\/le-interesan-las-carreras-sanitarias\/#breadcrumb","itemListElement":[{"@type":"ListItem","position":1,"name":"Home","item":"https:\/\/dev.virginiahealthcareers.org\/blue-ridge\/es\/"},{"@type":"ListItem","position":2,"name":"Carreras Profesionales En Salud"}]},{"@type":"WebSite","@id":"https:\/\/dev.virginiahealthcareers.org\/blue-ridge\/es\/#website","url":"https:\/\/dev.virginiahealthcareers.org\/blue-ridge\/es\/","name":"Blue Ridge Partnership Health Science Careers","description":"A career for everyone","publisher":{"@id":"https:\/\/dev.virginiahealthcareers.org\/blue-ridge\/es\/#organization"},"potentialAction":[{"@type":"SearchAction","target":{"@type":"EntryPoint","urlTemplate":"https:\/\/dev.virginiahealthcareers.org\/blue-ridge\/es\/?s={search_term_string}"},"query-input":{"@type":"PropertyValueSpecification","valueRequired":true,"valueName":"search_term_string"}}],"inLanguage":"es"},{"@type":"Organization","@id":"https:\/\/dev.virginiahealthcareers.org\/blue-ridge\/es\/#organization","name":"Blue Ridge Partnership for Health Science Careers","url":"https:\/\/dev.virginiahealthcareers.org\/blue-ridge\/es\/","logo":{"@type":"ImageObject","inLanguage":"es","@id":"https:\/\/dev.virginiahealthcareers.org\/blue-ridge\/es\/#\/schema\/logo\/image\/","url":"https:\/\/dev.virginiahealthcareers.org\/blue-ridge\/wp-content\/uploads\/sites\/2\/2021\/11\/header-logo.png","contentUrl":"https:\/\/dev.virginiahealthcareers.org\/blue-ridge\/wp-content\/uploads\/sites\/2\/2021\/11\/header-logo.png","width":824,"height":264,"caption":"Blue Ridge Partnership for Health Science Careers"},"image":{"@id":"https:\/\/dev.virginiahealthcareers.org\/blue-ridge\/es\/#\/schema\/logo\/image\/"}}]}},"_links":{"self":[{"href":"https:\/\/dev.virginiahealthcareers.org\/blue-ridge\/es\/wp-json\/wp\/v2\/pages\/881","targetHints":{"allow":["GET"]}}],"collection":[{"href":"https:\/\/dev.virginiahealthcareers.org\/blue-ridge\/es\/wp-json\/wp\/v2\/pages"}],"about":[{"href":"https:\/\/dev.virginiahealthcareers.org\/blue-ridge\/es\/wp-json\/wp\/v2\/types\/page"}],"author":[{"embeddable":true,"href":"https:\/\/dev.virginiahealthcareers.org\/blue-ridge\/es\/wp-json\/wp\/v2\/users\/2"}],"replies":[{"embeddable":true,"href":"https:\/\/dev.virginiahealthcareers.org\/blue-ridge\/es\/wp-json\/wp\/v2\/comments?post=881"}],"version-history":[{"count":43,"href":"https:\/\/dev.virginiahealthcareers.org\/blue-ridge\/es\/wp-json\/wp\/v2\/pages\/881\/revisions"}],"predecessor-version":[{"id":4642,"href":"https:\/\/dev.virginiahealthcareers.org\/blue-ridge\/es\/wp-json\/wp\/v2\/pages\/881\/revisions\/4642"}],"wp:attachment":[{"href":"https:\/\/dev.virginiahealthcareers.org\/blue-ridge\/es\/wp-json\/wp\/v2\/media?parent=881"}],"curies":[{"name":"wp","href":"https:\/\/api.w.org\/{rel}","templated":true}]}}