{"id":893,"date":"2021-11-18T07:27:35","date_gmt":"2021-11-18T12:27:35","guid":{"rendered":"https:\/\/demo.visitaccess.com\/brphsc\/empresarios-y-trabajadores\/"},"modified":"2025-08-14T15:26:19","modified_gmt":"2025-08-14T19:26:19","slug":"empresarios-y-trabajadores","status":"publish","type":"page","link":"https:\/\/dev.virginiahealthcareers.org\/blue-ridge\/es\/empresarios-y-trabajadores\/","title":{"rendered":"<strong>Socios Empleadores Y <span>Trabajadores<\/strong><\/span>"},"content":{"rendered":"\n<p>Para apoyar a los trabajadores necesarios para este ecosistema en crecimiento de ciencias biol\u00f3gicas y de la salud, los mejores empleadores y l\u00edderes educativos en los valles Roanoke Valley y New River Valley, en las altiplanicies Alleghany Highlands y la gran regi\u00f3n de Lynchburg (que se enumera a la izquierda) comenzaron a investigar activamente una sociedad regional para la educaci\u00f3n en ciencias de la salud y el desarrollo de trabajadores.<\/p>\n\n\n\n<p>A trav\u00e9s de reuniones y entrevistas durante 2019, el grupo concibi\u00f3 un enfoque p\u00fablico-privado para la ense\u00f1anza utilizando los recursos existentes y el plan de estudios que se desarroll\u00f3 con la ayuda de estos empleadores.<\/p>\n\n\n\n<p>La necesidad actual de trabajadores de la salud calificados, junto con el crecimiento proyectado de la industria de las ciencias biol\u00f3gicas y de la salud, obligan a las instituciones p\u00fablicas y los empleadores privados a moverse con rapidez.<\/p>\n\n\n\n<p>Blue Ridge Partnership for Health Science Careers trabaja r\u00e1pidamente para ayudar a los estudiantes adultos a obtener credenciales en los empleos de salud que se necesitan con mayor apremio, mientras que desarrolla un banco de talentos calificados para satisfacer las necesidades de crecimiento futuro de los empleadores. &nbsp;<\/p>\n\n\n\n<p>BRPHSC eleva, estandariza y agiliza al mismo tiempo el proceso de educaci\u00f3n y formaci\u00f3n. Nuestro enfoque es promover una cultura de innovaci\u00f3n y vitalidad econ\u00f3mica que logre que nuestra regi\u00f3n sea atractiva para empresas de todos los tama\u00f1os que buscan un banco de talentos s\u00f3lido y acceso a una atenci\u00f3n m\u00e9dica de calidad.<\/p>\n\n\n\n<p>Blue Ridge Partnership for Health Science Careers siempre busca socios nuevos. \u00bfQuiere participar como empleador? Comun\u00edquese con nosotros mediante el formulario a continuaci\u00f3n.<\/p>\n","protected":false},"excerpt":{"rendered":"<p>Para apoyar a los trabajadores necesarios para este ecosistema en crecimiento de ciencias biol\u00f3gicas y de la salud, los mejores empleadores y l\u00edderes educativos en los valles Roanoke Valley y New River Valley, en las altiplanicies Alleghany Highlands y la gran regi\u00f3n de Lynchburg (que se enumera a la izquierda) comenzaron a investigar activamente una [&#8230;]<\/p>\n<p><a class=\"btn btn-secondary understrap-read-more-link\" href=\"https:\/\/dev.virginiahealthcareers.org\/blue-ridge\/es\/empresarios-y-trabajadores\/\">Leer m\u00e1s&#8230;<\/a><\/p>\n","protected":false},"author":2,"featured_media":0,"parent":0,"menu_order":0,"comment_status":"closed","ping_status":"closed","template":"page-templates\/page-default-interior.php","meta":{"_acf_changed":false,"inline_featured_image":false,"footnotes":""},"class_list":["post-893","page","type-page","status-publish","hentry"],"acf":[],"yoast_head":"<!-- This site is optimized with the Yoast SEO plugin v25.7 - https:\/\/yoast.com\/wordpress\/plugins\/seo\/ -->\n<title>Socios Empleadores Y Trabajadores - Blue Ridge Partnership Health Science Careers<\/title>\n<meta name=\"robots\" content=\"index, follow, max-snippet:-1, max-image-preview:large, max-video-preview:-1\" \/>\n<link rel=\"canonical\" href=\"https:\/\/dev.virginiahealthcareers.org\/blue-ridge\/es\/empresarios-y-trabajadores\/\" \/>\n<meta property=\"og:locale\" content=\"es_ES\" \/>\n<meta property=\"og:type\" content=\"article\" \/>\n<meta property=\"og:title\" content=\"Socios Empleadores Y Trabajadores - Blue Ridge Partnership Health Science Careers\" \/>\n<meta property=\"og:description\" content=\"Para apoyar a los trabajadores necesarios para este ecosistema en crecimiento de ciencias biol\u00f3gicas y de la salud, los mejores empleadores y l\u00edderes educativos en los valles Roanoke Valley y New River Valley, en las altiplanicies Alleghany Highlands y la gran regi\u00f3n de Lynchburg (que se enumera a la izquierda) comenzaron a investigar activamente una [...]Leer m\u00e1s...\" \/>\n<meta property=\"og:url\" content=\"https:\/\/dev.virginiahealthcareers.org\/blue-ridge\/es\/empresarios-y-trabajadores\/\" \/>\n<meta property=\"og:site_name\" content=\"Blue Ridge Partnership Health Science Careers\" \/>\n<meta property=\"article:modified_time\" content=\"2025-08-14T19:26:19+00:00\" \/>\n<meta name=\"twitter:card\" content=\"summary_large_image\" \/>\n<meta name=\"twitter:label1\" content=\"Tiempo de lectura\" \/>\n\t<meta name=\"twitter:data1\" content=\"2 minutos\" \/>\n<script type=\"application\/ld+json\" class=\"yoast-schema-graph\">{\"@context\":\"https:\/\/schema.org\",\"@graph\":[{\"@type\":\"WebPage\",\"@id\":\"https:\/\/dev.virginiahealthcareers.org\/blue-ridge\/es\/empresarios-y-trabajadores\/\",\"url\":\"https:\/\/dev.virginiahealthcareers.org\/blue-ridge\/es\/empresarios-y-trabajadores\/\",\"name\":\"Socios Empleadores Y Trabajadores - Blue Ridge Partnership Health Science Careers\",\"isPartOf\":{\"@id\":\"https:\/\/dev.virginiahealthcareers.org\/blue-ridge\/es\/#website\"},\"datePublished\":\"2021-11-18T12:27:35+00:00\",\"dateModified\":\"2025-08-14T19:26:19+00:00\",\"breadcrumb\":{\"@id\":\"https:\/\/dev.virginiahealthcareers.org\/blue-ridge\/es\/empresarios-y-trabajadores\/#breadcrumb\"},\"inLanguage\":\"es\",\"potentialAction\":[{\"@type\":\"ReadAction\",\"target\":[\"https:\/\/dev.virginiahealthcareers.org\/blue-ridge\/es\/empresarios-y-trabajadores\/\"]}]},{\"@type\":\"BreadcrumbList\",\"@id\":\"https:\/\/dev.virginiahealthcareers.org\/blue-ridge\/es\/empresarios-y-trabajadores\/#breadcrumb\",\"itemListElement\":[{\"@type\":\"ListItem\",\"position\":1,\"name\":\"Home\",\"item\":\"https:\/\/dev.virginiahealthcareers.org\/blue-ridge\/es\/\"},{\"@type\":\"ListItem\",\"position\":2,\"name\":\"Socios Empleadores Y Trabajadores\"}]},{\"@type\":\"WebSite\",\"@id\":\"https:\/\/dev.virginiahealthcareers.org\/blue-ridge\/es\/#website\",\"url\":\"https:\/\/dev.virginiahealthcareers.org\/blue-ridge\/es\/\",\"name\":\"Blue Ridge Partnership Health Science Careers\",\"description\":\"A career for everyone\",\"publisher\":{\"@id\":\"https:\/\/dev.virginiahealthcareers.org\/blue-ridge\/es\/#organization\"},\"potentialAction\":[{\"@type\":\"SearchAction\",\"target\":{\"@type\":\"EntryPoint\",\"urlTemplate\":\"https:\/\/dev.virginiahealthcareers.org\/blue-ridge\/es\/?s={search_term_string}\"},\"query-input\":{\"@type\":\"PropertyValueSpecification\",\"valueRequired\":true,\"valueName\":\"search_term_string\"}}],\"inLanguage\":\"es\"},{\"@type\":\"Organization\",\"@id\":\"https:\/\/dev.virginiahealthcareers.org\/blue-ridge\/es\/#organization\",\"name\":\"Blue Ridge Partnership for Health Science Careers\",\"url\":\"https:\/\/dev.virginiahealthcareers.org\/blue-ridge\/es\/\",\"logo\":{\"@type\":\"ImageObject\",\"inLanguage\":\"es\",\"@id\":\"https:\/\/dev.virginiahealthcareers.org\/blue-ridge\/es\/#\/schema\/logo\/image\/\",\"url\":\"https:\/\/dev.virginiahealthcareers.org\/blue-ridge\/wp-content\/uploads\/sites\/2\/2021\/11\/header-logo.png\",\"contentUrl\":\"https:\/\/dev.virginiahealthcareers.org\/blue-ridge\/wp-content\/uploads\/sites\/2\/2021\/11\/header-logo.png\",\"width\":824,\"height\":264,\"caption\":\"Blue Ridge Partnership for Health Science Careers\"},\"image\":{\"@id\":\"https:\/\/dev.virginiahealthcareers.org\/blue-ridge\/es\/#\/schema\/logo\/image\/\"}}]}<\/script>\n<!-- \/ Yoast SEO plugin. -->","yoast_head_json":{"title":"Socios Empleadores Y Trabajadores - Blue Ridge Partnership Health Science Careers","robots":{"index":"index","follow":"follow","max-snippet":"max-snippet:-1","max-image-preview":"max-image-preview:large","max-video-preview":"max-video-preview:-1"},"canonical":"https:\/\/dev.virginiahealthcareers.org\/blue-ridge\/es\/empresarios-y-trabajadores\/","og_locale":"es_ES","og_type":"article","og_title":"Socios Empleadores Y Trabajadores - Blue Ridge Partnership Health Science Careers","og_description":"Para apoyar a los trabajadores necesarios para este ecosistema en crecimiento de ciencias biol\u00f3gicas y de la salud, los mejores empleadores y l\u00edderes educativos en los valles Roanoke Valley y New River Valley, en las altiplanicies Alleghany Highlands y la gran regi\u00f3n de Lynchburg (que se enumera a la izquierda) comenzaron a investigar activamente una [...]Leer m\u00e1s...","og_url":"https:\/\/dev.virginiahealthcareers.org\/blue-ridge\/es\/empresarios-y-trabajadores\/","og_site_name":"Blue Ridge Partnership Health Science Careers","article_modified_time":"2025-08-14T19:26:19+00:00","twitter_card":"summary_large_image","twitter_misc":{"Tiempo de lectura":"2 minutos"},"schema":{"@context":"https:\/\/schema.org","@graph":[{"@type":"WebPage","@id":"https:\/\/dev.virginiahealthcareers.org\/blue-ridge\/es\/empresarios-y-trabajadores\/","url":"https:\/\/dev.virginiahealthcareers.org\/blue-ridge\/es\/empresarios-y-trabajadores\/","name":"Socios Empleadores Y Trabajadores - Blue Ridge Partnership Health Science Careers","isPartOf":{"@id":"https:\/\/dev.virginiahealthcareers.org\/blue-ridge\/es\/#website"},"datePublished":"2021-11-18T12:27:35+00:00","dateModified":"2025-08-14T19:26:19+00:00","breadcrumb":{"@id":"https:\/\/dev.virginiahealthcareers.org\/blue-ridge\/es\/empresarios-y-trabajadores\/#breadcrumb"},"inLanguage":"es","potentialAction":[{"@type":"ReadAction","target":["https:\/\/dev.virginiahealthcareers.org\/blue-ridge\/es\/empresarios-y-trabajadores\/"]}]},{"@type":"BreadcrumbList","@id":"https:\/\/dev.virginiahealthcareers.org\/blue-ridge\/es\/empresarios-y-trabajadores\/#breadcrumb","itemListElement":[{"@type":"ListItem","position":1,"name":"Home","item":"https:\/\/dev.virginiahealthcareers.org\/blue-ridge\/es\/"},{"@type":"ListItem","position":2,"name":"Socios Empleadores Y Trabajadores"}]},{"@type":"WebSite","@id":"https:\/\/dev.virginiahealthcareers.org\/blue-ridge\/es\/#website","url":"https:\/\/dev.virginiahealthcareers.org\/blue-ridge\/es\/","name":"Blue Ridge Partnership Health Science Careers","description":"A career for everyone","publisher":{"@id":"https:\/\/dev.virginiahealthcareers.org\/blue-ridge\/es\/#organization"},"potentialAction":[{"@type":"SearchAction","target":{"@type":"EntryPoint","urlTemplate":"https:\/\/dev.virginiahealthcareers.org\/blue-ridge\/es\/?s={search_term_string}"},"query-input":{"@type":"PropertyValueSpecification","valueRequired":true,"valueName":"search_term_string"}}],"inLanguage":"es"},{"@type":"Organization","@id":"https:\/\/dev.virginiahealthcareers.org\/blue-ridge\/es\/#organization","name":"Blue Ridge Partnership for Health Science Careers","url":"https:\/\/dev.virginiahealthcareers.org\/blue-ridge\/es\/","logo":{"@type":"ImageObject","inLanguage":"es","@id":"https:\/\/dev.virginiahealthcareers.org\/blue-ridge\/es\/#\/schema\/logo\/image\/","url":"https:\/\/dev.virginiahealthcareers.org\/blue-ridge\/wp-content\/uploads\/sites\/2\/2021\/11\/header-logo.png","contentUrl":"https:\/\/dev.virginiahealthcareers.org\/blue-ridge\/wp-content\/uploads\/sites\/2\/2021\/11\/header-logo.png","width":824,"height":264,"caption":"Blue Ridge Partnership for Health Science Careers"},"image":{"@id":"https:\/\/dev.virginiahealthcareers.org\/blue-ridge\/es\/#\/schema\/logo\/image\/"}}]}},"_links":{"self":[{"href":"https:\/\/dev.virginiahealthcareers.org\/blue-ridge\/es\/wp-json\/wp\/v2\/pages\/893","targetHints":{"allow":["GET"]}}],"collection":[{"href":"https:\/\/dev.virginiahealthcareers.org\/blue-ridge\/es\/wp-json\/wp\/v2\/pages"}],"about":[{"href":"https:\/\/dev.virginiahealthcareers.org\/blue-ridge\/es\/wp-json\/wp\/v2\/types\/page"}],"author":[{"embeddable":true,"href":"https:\/\/dev.virginiahealthcareers.org\/blue-ridge\/es\/wp-json\/wp\/v2\/users\/2"}],"replies":[{"embeddable":true,"href":"https:\/\/dev.virginiahealthcareers.org\/blue-ridge\/es\/wp-json\/wp\/v2\/comments?post=893"}],"version-history":[{"count":14,"href":"https:\/\/dev.virginiahealthcareers.org\/blue-ridge\/es\/wp-json\/wp\/v2\/pages\/893\/revisions"}],"predecessor-version":[{"id":1453,"href":"https:\/\/dev.virginiahealthcareers.org\/blue-ridge\/es\/wp-json\/wp\/v2\/pages\/893\/revisions\/1453"}],"wp:attachment":[{"href":"https:\/\/dev.virginiahealthcareers.org\/blue-ridge\/es\/wp-json\/wp\/v2\/media?parent=893"}],"curies":[{"name":"wp","href":"https:\/\/api.w.org\/{rel}","templated":true}]}}