{"id":911,"date":"2021-12-13T11:03:20","date_gmt":"2021-12-13T16:03:20","guid":{"rendered":"https:\/\/demo.visitaccess.com\/brphsc\/sobre-nosotros\/"},"modified":"2025-08-14T15:26:20","modified_gmt":"2025-08-14T19:26:20","slug":"sobre-nosotros","status":"publish","type":"page","link":"https:\/\/dev.virginiahealthcareers.org\/blue-ridge\/es\/sobre-nosotros\/","title":{"rendered":"Acerca de <span>nosotros<\/span>"},"content":{"rendered":"\n<p>Formada en 2019 como respuesta directa a la urgente necesidad de la regi\u00f3n de contar con m\u00e1s trabajadores sanitarios y de ciencias de la salud, la Blue Ridge Partnership for Health Science Careers es una colaboraci\u00f3n de educadores, empleadores y profesionales del desarrollo econ\u00f3mico en los valles de Roanoke y New River, las Alleghany Highlands y la gran regi\u00f3n de Lynchburg que conforman  <a href=\"https:\/\/govirginia.org\/regions\/two\/\" target=\"_blank\" rel=\"noreferrer noopener\">GO Virginia Regi\u00f3n 2<\/a>.<\/p>\n\n\n\n<p>La necesidad de carreras locales de ciencias de la salud nunca ha sido mayor:<\/p>\n\n\n\n<ul class=\"wp-block-list\">\n<li>Seg\u00fan la Asociaci\u00f3n Regional de Roanoke, las ciencias de la salud y la vida son uno de los sectores m\u00e1s pujantes de la regi\u00f3n, con m\u00e1s de 41.000 empleados en casi 300 empresas y una previsi\u00f3n de crecimiento del empleo del 7% hasta 2029.<\/li>\n\n\n\n<li>GO Virginia Regi\u00f3n 2 tuvo 6,463 graduados relacionados con la salud de instituciones del \u00e1rea en 2018 y 6,320 en 2019 (Valleys Innovation Council, 2019), una reducci\u00f3n que ha impactado a los empleadores.<\/li>\n<\/ul>\n\n\n\n<p>La Blue Ridge Partnership for Health Science Careers aspira a consolidar los valles de Roanoke y New River, las Alleghany Highlands y la regi\u00f3n metropolitana de Lynchburg como l\u00edderes en ciencias de la salud con la ayuda de tres sistemas hospitalarios, cinco sedes de cuidados de larga duraci\u00f3n, proveedores de asistencia sanitaria a domicilio, diecisiete distritos escolares, cuatro colegios comunitarios, cinco universidades de cuatro a\u00f1os y tres instituciones de posgrado.<\/p>\n\n\n\n<p>Consulte la lista completa de empresarios sanitarios y socios educativos.<\/p>\n\n\n<div id=\"button-block-block_6218f26053063\" class=\"row align-items-center button-block alignwide justify-content-center\">\n        <div class=\"col-12 text-center h-100 d-inline-flex align-items-center justify-content-center mb-2\">\n            <a href=\"https:\/\/dev.virginiahealthcareers.org\/blue-ridge\/es\/socios-en-educacion\/\" class=\"btn btn-primary  h-100 d-flex align-items-center justify-content-center\" target=\"_self\">\n                Educaci\u00f3n            <\/a>\n        <\/div>\n<\/div>\n\n\n<div id=\"button-block-block_6218f28053064\" class=\"row align-items-center button-block alignwide justify-content-center\">\n        <div class=\"col-12 text-center h-100 d-inline-flex align-items-center justify-content-center mb-2\">\n            <a href=\"https:\/\/dev.virginiahealthcareers.org\/blue-ridge\/es\/empresarios-y-trabajadores\/\" class=\"btn btn-primary  h-100 d-flex align-items-center justify-content-center\" target=\"_self\">\n                Empresarios            <\/a>\n        <\/div>\n<\/div>\n\n\n\n<p><\/p>\n\n\n\n<h2 class=\"wp-block-heading\">El desaf\u00edo<\/h2>\n\n\n\n<p>El sector de la salud y las ciencias de la vida se enfrenta a continuas dificultades para contratar y retener a empleados cualificados debido a la pandemia. Una mejor colaboraci\u00f3n entre las empresas y la educaci\u00f3n ayuda a conectar a los licenciados con los puestos de trabajo, fomentando la inversi\u00f3n econ\u00f3mica ya que las empresas buscan una regi\u00f3n con una s\u00f3lida reserva de talentos y acceso a una atenci\u00f3n sanitaria de calidad.<\/p>\n\n\n\n<p>La Blue Ridge Partnership for Health Science Careers acelera la colaboraci\u00f3n entre las empresas y la educaci\u00f3n, aumenta el n\u00famero de licenciados en ciencias de la salud y de la vida, fomenta la canalizaci\u00f3n de talentos directamente a las empresas y favorece el crecimiento econ\u00f3mico a trav\u00e9s de la inversi\u00f3n regional.<\/p>\n","protected":false},"excerpt":{"rendered":"<p>Formada en 2019 como respuesta directa a la urgente necesidad de la regi\u00f3n de contar con m\u00e1s trabajadores sanitarios y de ciencias de la salud, la Blue Ridge Partnership for Health Science Careers es una colaboraci\u00f3n de educadores, empleadores y profesionales del desarrollo econ\u00f3mico en los valles de Roanoke y New River, las Alleghany Highlands [&#8230;]<\/p>\n<p><a class=\"btn btn-secondary understrap-read-more-link\" href=\"https:\/\/dev.virginiahealthcareers.org\/blue-ridge\/es\/sobre-nosotros\/\">Leer m\u00e1s&#8230;<\/a><\/p>\n","protected":false},"author":2,"featured_media":1636,"parent":0,"menu_order":0,"comment_status":"closed","ping_status":"closed","template":"page-templates\/page-default-interior.php","meta":{"_acf_changed":false,"inline_featured_image":false,"footnotes":""},"class_list":["post-911","page","type-page","status-publish","has-post-thumbnail","hentry"],"acf":[],"yoast_head":"<!-- This site is optimized with the Yoast SEO plugin v25.7 - https:\/\/yoast.com\/wordpress\/plugins\/seo\/ -->\n<title>Acerca de nosotros - Blue Ridge Partnership Health Science Careers<\/title>\n<meta name=\"robots\" content=\"index, follow, max-snippet:-1, max-image-preview:large, max-video-preview:-1\" \/>\n<link rel=\"canonical\" href=\"https:\/\/dev.virginiahealthcareers.org\/blue-ridge\/es\/sobre-nosotros\/\" \/>\n<meta property=\"og:locale\" content=\"es_ES\" \/>\n<meta property=\"og:type\" content=\"article\" \/>\n<meta property=\"og:title\" content=\"Acerca de nosotros - Blue Ridge Partnership Health Science Careers\" \/>\n<meta property=\"og:description\" content=\"Formada en 2019 como respuesta directa a la urgente necesidad de la regi\u00f3n de contar con m\u00e1s trabajadores sanitarios y de ciencias de la salud, la Blue Ridge Partnership for Health Science Careers es una colaboraci\u00f3n de educadores, empleadores y profesionales del desarrollo econ\u00f3mico en los valles de Roanoke y New River, las Alleghany Highlands [...]Leer m\u00e1s...\" \/>\n<meta property=\"og:url\" content=\"https:\/\/dev.virginiahealthcareers.org\/blue-ridge\/es\/sobre-nosotros\/\" \/>\n<meta property=\"og:site_name\" content=\"Blue Ridge Partnership Health Science Careers\" \/>\n<meta property=\"article:modified_time\" content=\"2025-08-14T19:26:20+00:00\" \/>\n<meta property=\"og:image\" content=\"https:\/\/dev.virginiahealthcareers.org\/blue-ridge\/wp-content\/uploads\/sites\/2\/2023\/04\/VTC-schoolofmedicine-centered.png\" \/>\n\t<meta property=\"og:image:width\" content=\"1584\" \/>\n\t<meta property=\"og:image:height\" content=\"1224\" \/>\n\t<meta property=\"og:image:type\" content=\"image\/png\" \/>\n<meta name=\"twitter:card\" content=\"summary_large_image\" \/>\n<meta name=\"twitter:label1\" content=\"Tiempo de lectura\" \/>\n\t<meta name=\"twitter:data1\" content=\"2 minutos\" \/>\n<script type=\"application\/ld+json\" class=\"yoast-schema-graph\">{\"@context\":\"https:\/\/schema.org\",\"@graph\":[{\"@type\":\"WebPage\",\"@id\":\"https:\/\/dev.virginiahealthcareers.org\/blue-ridge\/es\/sobre-nosotros\/\",\"url\":\"https:\/\/dev.virginiahealthcareers.org\/blue-ridge\/es\/sobre-nosotros\/\",\"name\":\"Acerca de nosotros - Blue Ridge Partnership Health Science Careers\",\"isPartOf\":{\"@id\":\"https:\/\/dev.virginiahealthcareers.org\/blue-ridge\/es\/#website\"},\"primaryImageOfPage\":{\"@id\":\"https:\/\/dev.virginiahealthcareers.org\/blue-ridge\/es\/sobre-nosotros\/#primaryimage\"},\"image\":{\"@id\":\"https:\/\/dev.virginiahealthcareers.org\/blue-ridge\/es\/sobre-nosotros\/#primaryimage\"},\"thumbnailUrl\":\"https:\/\/dev.virginiahealthcareers.org\/blue-ridge\/wp-content\/uploads\/sites\/2\/2023\/04\/VTC-schoolofmedicine-centered.png\",\"datePublished\":\"2021-12-13T16:03:20+00:00\",\"dateModified\":\"2025-08-14T19:26:20+00:00\",\"breadcrumb\":{\"@id\":\"https:\/\/dev.virginiahealthcareers.org\/blue-ridge\/es\/sobre-nosotros\/#breadcrumb\"},\"inLanguage\":\"es\",\"potentialAction\":[{\"@type\":\"ReadAction\",\"target\":[\"https:\/\/dev.virginiahealthcareers.org\/blue-ridge\/es\/sobre-nosotros\/\"]}]},{\"@type\":\"ImageObject\",\"inLanguage\":\"es\",\"@id\":\"https:\/\/dev.virginiahealthcareers.org\/blue-ridge\/es\/sobre-nosotros\/#primaryimage\",\"url\":\"https:\/\/dev.virginiahealthcareers.org\/blue-ridge\/wp-content\/uploads\/sites\/2\/2023\/04\/VTC-schoolofmedicine-centered.png\",\"contentUrl\":\"https:\/\/dev.virginiahealthcareers.org\/blue-ridge\/wp-content\/uploads\/sites\/2\/2023\/04\/VTC-schoolofmedicine-centered.png\",\"width\":1584,\"height\":1224,\"caption\":\"VTC logo\"},{\"@type\":\"BreadcrumbList\",\"@id\":\"https:\/\/dev.virginiahealthcareers.org\/blue-ridge\/es\/sobre-nosotros\/#breadcrumb\",\"itemListElement\":[{\"@type\":\"ListItem\",\"position\":1,\"name\":\"Home\",\"item\":\"https:\/\/dev.virginiahealthcareers.org\/blue-ridge\/es\/\"},{\"@type\":\"ListItem\",\"position\":2,\"name\":\"Acerca de nosotros\"}]},{\"@type\":\"WebSite\",\"@id\":\"https:\/\/dev.virginiahealthcareers.org\/blue-ridge\/es\/#website\",\"url\":\"https:\/\/dev.virginiahealthcareers.org\/blue-ridge\/es\/\",\"name\":\"Blue Ridge Partnership Health Science Careers\",\"description\":\"A career for everyone\",\"publisher\":{\"@id\":\"https:\/\/dev.virginiahealthcareers.org\/blue-ridge\/es\/#organization\"},\"potentialAction\":[{\"@type\":\"SearchAction\",\"target\":{\"@type\":\"EntryPoint\",\"urlTemplate\":\"https:\/\/dev.virginiahealthcareers.org\/blue-ridge\/es\/?s={search_term_string}\"},\"query-input\":{\"@type\":\"PropertyValueSpecification\",\"valueRequired\":true,\"valueName\":\"search_term_string\"}}],\"inLanguage\":\"es\"},{\"@type\":\"Organization\",\"@id\":\"https:\/\/dev.virginiahealthcareers.org\/blue-ridge\/es\/#organization\",\"name\":\"Blue Ridge Partnership for Health Science Careers\",\"url\":\"https:\/\/dev.virginiahealthcareers.org\/blue-ridge\/es\/\",\"logo\":{\"@type\":\"ImageObject\",\"inLanguage\":\"es\",\"@id\":\"https:\/\/dev.virginiahealthcareers.org\/blue-ridge\/es\/#\/schema\/logo\/image\/\",\"url\":\"https:\/\/dev.virginiahealthcareers.org\/blue-ridge\/wp-content\/uploads\/sites\/2\/2021\/11\/header-logo.png\",\"contentUrl\":\"https:\/\/dev.virginiahealthcareers.org\/blue-ridge\/wp-content\/uploads\/sites\/2\/2021\/11\/header-logo.png\",\"width\":824,\"height\":264,\"caption\":\"Blue Ridge Partnership for Health Science Careers\"},\"image\":{\"@id\":\"https:\/\/dev.virginiahealthcareers.org\/blue-ridge\/es\/#\/schema\/logo\/image\/\"}}]}<\/script>\n<!-- \/ Yoast SEO plugin. -->","yoast_head_json":{"title":"Acerca de nosotros - Blue Ridge Partnership Health Science Careers","robots":{"index":"index","follow":"follow","max-snippet":"max-snippet:-1","max-image-preview":"max-image-preview:large","max-video-preview":"max-video-preview:-1"},"canonical":"https:\/\/dev.virginiahealthcareers.org\/blue-ridge\/es\/sobre-nosotros\/","og_locale":"es_ES","og_type":"article","og_title":"Acerca de nosotros - Blue Ridge Partnership Health Science Careers","og_description":"Formada en 2019 como respuesta directa a la urgente necesidad de la regi\u00f3n de contar con m\u00e1s trabajadores sanitarios y de ciencias de la salud, la Blue Ridge Partnership for Health Science Careers es una colaboraci\u00f3n de educadores, empleadores y profesionales del desarrollo econ\u00f3mico en los valles de Roanoke y New River, las Alleghany Highlands [...]Leer m\u00e1s...","og_url":"https:\/\/dev.virginiahealthcareers.org\/blue-ridge\/es\/sobre-nosotros\/","og_site_name":"Blue Ridge Partnership Health Science Careers","article_modified_time":"2025-08-14T19:26:20+00:00","og_image":[{"width":1584,"height":1224,"url":"https:\/\/dev.virginiahealthcareers.org\/blue-ridge\/wp-content\/uploads\/sites\/2\/2023\/04\/VTC-schoolofmedicine-centered.png","type":"image\/png"}],"twitter_card":"summary_large_image","twitter_misc":{"Tiempo de lectura":"2 minutos"},"schema":{"@context":"https:\/\/schema.org","@graph":[{"@type":"WebPage","@id":"https:\/\/dev.virginiahealthcareers.org\/blue-ridge\/es\/sobre-nosotros\/","url":"https:\/\/dev.virginiahealthcareers.org\/blue-ridge\/es\/sobre-nosotros\/","name":"Acerca de nosotros - Blue Ridge Partnership Health Science Careers","isPartOf":{"@id":"https:\/\/dev.virginiahealthcareers.org\/blue-ridge\/es\/#website"},"primaryImageOfPage":{"@id":"https:\/\/dev.virginiahealthcareers.org\/blue-ridge\/es\/sobre-nosotros\/#primaryimage"},"image":{"@id":"https:\/\/dev.virginiahealthcareers.org\/blue-ridge\/es\/sobre-nosotros\/#primaryimage"},"thumbnailUrl":"https:\/\/dev.virginiahealthcareers.org\/blue-ridge\/wp-content\/uploads\/sites\/2\/2023\/04\/VTC-schoolofmedicine-centered.png","datePublished":"2021-12-13T16:03:20+00:00","dateModified":"2025-08-14T19:26:20+00:00","breadcrumb":{"@id":"https:\/\/dev.virginiahealthcareers.org\/blue-ridge\/es\/sobre-nosotros\/#breadcrumb"},"inLanguage":"es","potentialAction":[{"@type":"ReadAction","target":["https:\/\/dev.virginiahealthcareers.org\/blue-ridge\/es\/sobre-nosotros\/"]}]},{"@type":"ImageObject","inLanguage":"es","@id":"https:\/\/dev.virginiahealthcareers.org\/blue-ridge\/es\/sobre-nosotros\/#primaryimage","url":"https:\/\/dev.virginiahealthcareers.org\/blue-ridge\/wp-content\/uploads\/sites\/2\/2023\/04\/VTC-schoolofmedicine-centered.png","contentUrl":"https:\/\/dev.virginiahealthcareers.org\/blue-ridge\/wp-content\/uploads\/sites\/2\/2023\/04\/VTC-schoolofmedicine-centered.png","width":1584,"height":1224,"caption":"VTC logo"},{"@type":"BreadcrumbList","@id":"https:\/\/dev.virginiahealthcareers.org\/blue-ridge\/es\/sobre-nosotros\/#breadcrumb","itemListElement":[{"@type":"ListItem","position":1,"name":"Home","item":"https:\/\/dev.virginiahealthcareers.org\/blue-ridge\/es\/"},{"@type":"ListItem","position":2,"name":"Acerca de nosotros"}]},{"@type":"WebSite","@id":"https:\/\/dev.virginiahealthcareers.org\/blue-ridge\/es\/#website","url":"https:\/\/dev.virginiahealthcareers.org\/blue-ridge\/es\/","name":"Blue Ridge Partnership Health Science Careers","description":"A career for everyone","publisher":{"@id":"https:\/\/dev.virginiahealthcareers.org\/blue-ridge\/es\/#organization"},"potentialAction":[{"@type":"SearchAction","target":{"@type":"EntryPoint","urlTemplate":"https:\/\/dev.virginiahealthcareers.org\/blue-ridge\/es\/?s={search_term_string}"},"query-input":{"@type":"PropertyValueSpecification","valueRequired":true,"valueName":"search_term_string"}}],"inLanguage":"es"},{"@type":"Organization","@id":"https:\/\/dev.virginiahealthcareers.org\/blue-ridge\/es\/#organization","name":"Blue Ridge Partnership for Health Science Careers","url":"https:\/\/dev.virginiahealthcareers.org\/blue-ridge\/es\/","logo":{"@type":"ImageObject","inLanguage":"es","@id":"https:\/\/dev.virginiahealthcareers.org\/blue-ridge\/es\/#\/schema\/logo\/image\/","url":"https:\/\/dev.virginiahealthcareers.org\/blue-ridge\/wp-content\/uploads\/sites\/2\/2021\/11\/header-logo.png","contentUrl":"https:\/\/dev.virginiahealthcareers.org\/blue-ridge\/wp-content\/uploads\/sites\/2\/2021\/11\/header-logo.png","width":824,"height":264,"caption":"Blue Ridge Partnership for Health Science Careers"},"image":{"@id":"https:\/\/dev.virginiahealthcareers.org\/blue-ridge\/es\/#\/schema\/logo\/image\/"}}]}},"_links":{"self":[{"href":"https:\/\/dev.virginiahealthcareers.org\/blue-ridge\/es\/wp-json\/wp\/v2\/pages\/911","targetHints":{"allow":["GET"]}}],"collection":[{"href":"https:\/\/dev.virginiahealthcareers.org\/blue-ridge\/es\/wp-json\/wp\/v2\/pages"}],"about":[{"href":"https:\/\/dev.virginiahealthcareers.org\/blue-ridge\/es\/wp-json\/wp\/v2\/types\/page"}],"author":[{"embeddable":true,"href":"https:\/\/dev.virginiahealthcareers.org\/blue-ridge\/es\/wp-json\/wp\/v2\/users\/2"}],"replies":[{"embeddable":true,"href":"https:\/\/dev.virginiahealthcareers.org\/blue-ridge\/es\/wp-json\/wp\/v2\/comments?post=911"}],"version-history":[{"count":5,"href":"https:\/\/dev.virginiahealthcareers.org\/blue-ridge\/es\/wp-json\/wp\/v2\/pages\/911\/revisions"}],"predecessor-version":[{"id":4641,"href":"https:\/\/dev.virginiahealthcareers.org\/blue-ridge\/es\/wp-json\/wp\/v2\/pages\/911\/revisions\/4641"}],"wp:featuredmedia":[{"embeddable":true,"href":"https:\/\/dev.virginiahealthcareers.org\/blue-ridge\/es\/wp-json\/wp\/v2\/media\/1636"}],"wp:attachment":[{"href":"https:\/\/dev.virginiahealthcareers.org\/blue-ridge\/es\/wp-json\/wp\/v2\/media?parent=911"}],"curies":[{"name":"wp","href":"https:\/\/api.w.org\/{rel}","templated":true}]}}