{"id":924,"date":"2022-03-25T14:03:42","date_gmt":"2022-03-25T18:03:42","guid":{"rendered":"https:\/\/demo.visitaccess.com\/brphsc\/le-interesan-las-carreras-sanitarias\/infografia\/mapas-de-carreras\/"},"modified":"2025-08-14T15:26:20","modified_gmt":"2025-08-14T19:26:20","slug":"mapas-de-carreras","status":"publish","type":"page","link":"https:\/\/dev.virginiahealthcareers.org\/blue-ridge\/es\/le-interesan-las-carreras-sanitarias\/infografia\/mapas-de-carreras\/","title":{"rendered":"Mapas de <span>carreras<\/span>"},"content":{"rendered":"\n<div class=\"wrap-sm text-center\" style=\"max-width: 1200px; margin: 0 auto;\">\n    <h4><span>Empezar<\/span> por una profesi\u00f3n<\/h4>\n    <p>Trabajo o empleo remunerado<\/p>\n    <p class=\"text-uppercase\"><strong>Ascender<\/strong> a puestos superiores<\/p>\n    <p><img decoding=\"async\" src=\"https:\/\/dev.virginiahealthcareers.org\/blue-ridge\/wp-content\/uploads\/sites\/2\/2022\/03\/EduPills-Progression.webp\" alt=\"progreso profesional\" width=\"372\"\/><\/p>\n    <p class=\"text-uppercase\">Adquiriendo <strong>experiencia<\/strong><\/p>\n    <p>Cuanto m\u00e1s tiempo trabajes en un puesto, mejor te desenvolver\u00e1s en \u00e9l y m\u00e1s confianza podr\u00e1s ganarte de tu jefe y compa\u00f1eros. En muchos sectores, \u00e9sta es la forma m\u00e1s habitual de progresar.<\/p>\n    <p class=\"text-uppercase\">O <strong>recibir una educaci\u00f3n<\/strong><\/p>\n    <p><strong>Associate&#8217;s Degree:<\/strong> t\u00edtulo universitario de 2 a\u00f1os de diversas instituciones, incluidos colegios comunitarios, escuelas t\u00e9cnicas y de formaci\u00f3n profesional, colegios privados o estatales, universidades y filiales.<\/p>\n    <p>Licenciatura<strong>:<\/strong> t\u00edtulo universitario de 4 a\u00f1os. Las universidades privadas o p\u00fablicas suelen conceder licenciaturas.<\/p>\n    <p><strong>Titulaci\u00f3n superior:<\/strong> M\u00e1ster (1-3 a\u00f1os) o doctorado (3-7 a\u00f1os). Las universidades privadas o p\u00fablicas conceden la mayor\u00eda de los m\u00e1steres y doctorados.<\/p>\n    <div class=\"pt-3\"><\/div>\n    <hr class=\"pb-3\"\/><h4>C\u00f3mo <span>avanzar<\/span><\/h4>\n    <div class=\"d-flex align-items-center justify-content-center\" style=\"max-width: 900px; margin: 0 auto;\">\n        <p><img decoding=\"async\" src=\"https:\/\/dev.virginiahealthcareers.org\/blue-ridge\/wp-content\/uploads\/sites\/2\/2022\/03\/Circle-Map_Ex.webp\" alt=\"esfera de progreso profesional\" width=\"372\"\/><\/p>\n        <div class=\"flex-column text-left pl-5\">\n            <p class=\"text-uppercase\">Del <strong>centro hacia fuera<\/strong><\/p>\n            <p>Algunos mapas muestran trayectorias profesionales que se mueven menos en l\u00ednea recta. Empiece por el centro y vaya descendiendo por nivel de formaci\u00f3n\/experiencia.<\/p>\n        <\/div>\n    <\/div>\n    <div class=\"d-flex align-items-center justify-content-center\" style=\"max-width: 900px; margin: 0 auto;\">\n        <div class=\"flex-column text-right pr-5\">\n            <p class=\"text-uppercase\">De <strong>izquierda a derecha<\/strong><\/p>\n            <p>Algunos mapas muestran itinerarios profesionales un poco m\u00e1s estructurados, a menudo con etapas claras de ascenso. Empiece por la izquierda y vaya hacia la derecha, avanzando con la formaci\u00f3n y la experiencia.<\/p>\n        <\/div>\n        <p><img decoding=\"async\" src=\"https:\/\/dev.virginiahealthcareers.org\/blue-ridge\/wp-content\/uploads\/sites\/2\/2022\/03\/Square-Map-Ex.webp\" alt=\"rect\u00e1ngulo de progreso profesional\" height=\"176\"\/><\/p>\n    <\/div>\n    <div class=\"pt-3\"><\/div>\n    <hr class=\"pb-3\"\/><h4>Estos mapas muestran <span>las trayectorias profesionales<\/span><\/h4>\n    <p>V\u00edas destinadas a preparar a las personas para sus ocupaciones deseadas a trav\u00e9s de la educaci\u00f3n y la formaci\u00f3n profesional centradas en la autosuficiencia y la promoci\u00f3n profesional continua.<\/p>\n    <p class=\"text-uppercase\">Cada ocupaci\u00f3n tiene un <strong>t\u00edtulo<\/strong><\/p>\n    <p>\n        <em>Sinergista din\u00e1mico<br\/>\n  $35 &#8211; $56<\/em>\n    <\/p>\n    <p class=\"text-uppercase\">&#038; gama de <strong>salarios por hora<\/strong><\/p>\n    <p><em>(2018) De principiante a experimentado<\/em><\/p>\n    <p class=\"text-uppercase\">Mapas agrupados <strong>por sectores<\/strong><\/p>\n    <p><em>Empresas que producen bienes o prestan servicios similares.<\/em><\/p>\n<\/div>\n","protected":false},"excerpt":{"rendered":"<p>Empezar por una profesi\u00f3n Trabajo o empleo remunerado Ascender a puestos superiores Adquiriendo experiencia Cuanto m\u00e1s tiempo trabajes en un puesto, mejor te desenvolver\u00e1s en \u00e9l y m\u00e1s confianza podr\u00e1s ganarte de tu jefe y compa\u00f1eros. En muchos sectores, \u00e9sta es la forma m\u00e1s habitual de progresar. O recibir una educaci\u00f3n Associate&#8217;s Degree: t\u00edtulo universitario [&#8230;]<\/p>\n<p><a class=\"btn btn-secondary understrap-read-more-link\" href=\"https:\/\/dev.virginiahealthcareers.org\/blue-ridge\/es\/le-interesan-las-carreras-sanitarias\/infografia\/mapas-de-carreras\/\">Leer m\u00e1s&#8230;<\/a><\/p>\n","protected":false},"author":2,"featured_media":827,"parent":897,"menu_order":0,"comment_status":"closed","ping_status":"closed","template":"page-templates\/page-default-interior.php","meta":{"_acf_changed":false,"inline_featured_image":false,"footnotes":""},"class_list":["post-924","page","type-page","status-publish","has-post-thumbnail","hentry"],"acf":[],"yoast_head":"<!-- This site is optimized with the Yoast SEO plugin v25.7 - https:\/\/yoast.com\/wordpress\/plugins\/seo\/ -->\n<title>Mapas de carreras - Blue Ridge Partnership Health Science Careers<\/title>\n<meta name=\"robots\" content=\"index, follow, max-snippet:-1, max-image-preview:large, max-video-preview:-1\" \/>\n<link rel=\"canonical\" href=\"https:\/\/dev.virginiahealthcareers.org\/blue-ridge\/es\/le-interesan-las-carreras-sanitarias\/infografia\/mapas-de-carreras\/\" \/>\n<meta property=\"og:locale\" content=\"es_ES\" \/>\n<meta property=\"og:type\" content=\"article\" \/>\n<meta property=\"og:title\" content=\"Mapas de carreras - Blue Ridge Partnership Health Science Careers\" \/>\n<meta property=\"og:description\" content=\"Empezar por una profesi\u00f3n Trabajo o empleo remunerado Ascender a puestos superiores Adquiriendo experiencia Cuanto m\u00e1s tiempo trabajes en un puesto, mejor te desenvolver\u00e1s en \u00e9l y m\u00e1s confianza podr\u00e1s ganarte de tu jefe y compa\u00f1eros. En muchos sectores, \u00e9sta es la forma m\u00e1s habitual de progresar. O recibir una educaci\u00f3n Associate&#8217;s Degree: t\u00edtulo universitario [...]Leer m\u00e1s...\" \/>\n<meta property=\"og:url\" content=\"https:\/\/dev.virginiahealthcareers.org\/blue-ridge\/es\/le-interesan-las-carreras-sanitarias\/infografia\/mapas-de-carreras\/\" \/>\n<meta property=\"og:site_name\" content=\"Blue Ridge Partnership Health Science Careers\" \/>\n<meta property=\"article:modified_time\" content=\"2025-08-14T19:26:20+00:00\" \/>\n<meta property=\"og:image\" content=\"https:\/\/dev.virginiahealthcareers.org\/blue-ridge\/wp-content\/uploads\/sites\/2\/2022\/03\/c3e452_0a9c8ee373a34e109871f41600687ad1mv2_d_4032_3024_s_4_2-scaled.webp\" \/>\n\t<meta property=\"og:image:width\" content=\"2560\" \/>\n\t<meta property=\"og:image:height\" content=\"491\" \/>\n\t<meta property=\"og:image:type\" content=\"image\/webp\" \/>\n<meta name=\"twitter:card\" content=\"summary_large_image\" \/>\n<meta name=\"twitter:label1\" content=\"Tiempo de lectura\" \/>\n\t<meta name=\"twitter:data1\" content=\"1 minuto\" \/>\n<script type=\"application\/ld+json\" class=\"yoast-schema-graph\">{\"@context\":\"https:\/\/schema.org\",\"@graph\":[{\"@type\":\"WebPage\",\"@id\":\"https:\/\/dev.virginiahealthcareers.org\/blue-ridge\/es\/le-interesan-las-carreras-sanitarias\/infografia\/mapas-de-carreras\/\",\"url\":\"https:\/\/dev.virginiahealthcareers.org\/blue-ridge\/es\/le-interesan-las-carreras-sanitarias\/infografia\/mapas-de-carreras\/\",\"name\":\"Mapas de carreras - Blue Ridge Partnership Health Science Careers\",\"isPartOf\":{\"@id\":\"https:\/\/dev.virginiahealthcareers.org\/blue-ridge\/es\/#website\"},\"primaryImageOfPage\":{\"@id\":\"https:\/\/dev.virginiahealthcareers.org\/blue-ridge\/es\/le-interesan-las-carreras-sanitarias\/infografia\/mapas-de-carreras\/#primaryimage\"},\"image\":{\"@id\":\"https:\/\/dev.virginiahealthcareers.org\/blue-ridge\/es\/le-interesan-las-carreras-sanitarias\/infografia\/mapas-de-carreras\/#primaryimage\"},\"thumbnailUrl\":\"https:\/\/dev.virginiahealthcareers.org\/blue-ridge\/wp-content\/uploads\/sites\/2\/2022\/03\/c3e452_0a9c8ee373a34e109871f41600687ad1mv2_d_4032_3024_s_4_2-scaled.webp\",\"datePublished\":\"2022-03-25T18:03:42+00:00\",\"dateModified\":\"2025-08-14T19:26:20+00:00\",\"breadcrumb\":{\"@id\":\"https:\/\/dev.virginiahealthcareers.org\/blue-ridge\/es\/le-interesan-las-carreras-sanitarias\/infografia\/mapas-de-carreras\/#breadcrumb\"},\"inLanguage\":\"es\",\"potentialAction\":[{\"@type\":\"ReadAction\",\"target\":[\"https:\/\/dev.virginiahealthcareers.org\/blue-ridge\/es\/le-interesan-las-carreras-sanitarias\/infografia\/mapas-de-carreras\/\"]}]},{\"@type\":\"ImageObject\",\"inLanguage\":\"es\",\"@id\":\"https:\/\/dev.virginiahealthcareers.org\/blue-ridge\/es\/le-interesan-las-carreras-sanitarias\/infografia\/mapas-de-carreras\/#primaryimage\",\"url\":\"https:\/\/dev.virginiahealthcareers.org\/blue-ridge\/wp-content\/uploads\/sites\/2\/2022\/03\/c3e452_0a9c8ee373a34e109871f41600687ad1mv2_d_4032_3024_s_4_2-scaled.webp\",\"contentUrl\":\"https:\/\/dev.virginiahealthcareers.org\/blue-ridge\/wp-content\/uploads\/sites\/2\/2022\/03\/c3e452_0a9c8ee373a34e109871f41600687ad1mv2_d_4032_3024_s_4_2-scaled.webp\",\"width\":2560,\"height\":491},{\"@type\":\"BreadcrumbList\",\"@id\":\"https:\/\/dev.virginiahealthcareers.org\/blue-ridge\/es\/le-interesan-las-carreras-sanitarias\/infografia\/mapas-de-carreras\/#breadcrumb\",\"itemListElement\":[{\"@type\":\"ListItem\",\"position\":1,\"name\":\"Home\",\"item\":\"https:\/\/dev.virginiahealthcareers.org\/blue-ridge\/es\/\"},{\"@type\":\"ListItem\",\"position\":2,\"name\":\"Carreras Profesionales En Salud\",\"item\":\"https:\/\/dev.virginiahealthcareers.org\/blue-ridge\/es\/health-careers\/\"},{\"@type\":\"ListItem\",\"position\":3,\"name\":\"Infograf\u00eda\",\"item\":\"https:\/\/dev.virginiahealthcareers.org\/blue-ridge\/es\/health-careers\/infographic\/\"},{\"@type\":\"ListItem\",\"position\":4,\"name\":\"Mapas de carreras\"}]},{\"@type\":\"WebSite\",\"@id\":\"https:\/\/dev.virginiahealthcareers.org\/blue-ridge\/es\/#website\",\"url\":\"https:\/\/dev.virginiahealthcareers.org\/blue-ridge\/es\/\",\"name\":\"Blue Ridge Partnership Health Science Careers\",\"description\":\"A career for everyone\",\"publisher\":{\"@id\":\"https:\/\/dev.virginiahealthcareers.org\/blue-ridge\/es\/#organization\"},\"potentialAction\":[{\"@type\":\"SearchAction\",\"target\":{\"@type\":\"EntryPoint\",\"urlTemplate\":\"https:\/\/dev.virginiahealthcareers.org\/blue-ridge\/es\/?s={search_term_string}\"},\"query-input\":{\"@type\":\"PropertyValueSpecification\",\"valueRequired\":true,\"valueName\":\"search_term_string\"}}],\"inLanguage\":\"es\"},{\"@type\":\"Organization\",\"@id\":\"https:\/\/dev.virginiahealthcareers.org\/blue-ridge\/es\/#organization\",\"name\":\"Blue Ridge Partnership for Health Science Careers\",\"url\":\"https:\/\/dev.virginiahealthcareers.org\/blue-ridge\/es\/\",\"logo\":{\"@type\":\"ImageObject\",\"inLanguage\":\"es\",\"@id\":\"https:\/\/dev.virginiahealthcareers.org\/blue-ridge\/es\/#\/schema\/logo\/image\/\",\"url\":\"https:\/\/dev.virginiahealthcareers.org\/blue-ridge\/wp-content\/uploads\/sites\/2\/2021\/11\/header-logo.png\",\"contentUrl\":\"https:\/\/dev.virginiahealthcareers.org\/blue-ridge\/wp-content\/uploads\/sites\/2\/2021\/11\/header-logo.png\",\"width\":824,\"height\":264,\"caption\":\"Blue Ridge Partnership for Health Science Careers\"},\"image\":{\"@id\":\"https:\/\/dev.virginiahealthcareers.org\/blue-ridge\/es\/#\/schema\/logo\/image\/\"}}]}<\/script>\n<!-- \/ Yoast SEO plugin. -->","yoast_head_json":{"title":"Mapas de carreras - Blue Ridge Partnership Health Science Careers","robots":{"index":"index","follow":"follow","max-snippet":"max-snippet:-1","max-image-preview":"max-image-preview:large","max-video-preview":"max-video-preview:-1"},"canonical":"https:\/\/dev.virginiahealthcareers.org\/blue-ridge\/es\/le-interesan-las-carreras-sanitarias\/infografia\/mapas-de-carreras\/","og_locale":"es_ES","og_type":"article","og_title":"Mapas de carreras - Blue Ridge Partnership Health Science Careers","og_description":"Empezar por una profesi\u00f3n Trabajo o empleo remunerado Ascender a puestos superiores Adquiriendo experiencia Cuanto m\u00e1s tiempo trabajes en un puesto, mejor te desenvolver\u00e1s en \u00e9l y m\u00e1s confianza podr\u00e1s ganarte de tu jefe y compa\u00f1eros. En muchos sectores, \u00e9sta es la forma m\u00e1s habitual de progresar. O recibir una educaci\u00f3n Associate&#8217;s Degree: t\u00edtulo universitario [...]Leer m\u00e1s...","og_url":"https:\/\/dev.virginiahealthcareers.org\/blue-ridge\/es\/le-interesan-las-carreras-sanitarias\/infografia\/mapas-de-carreras\/","og_site_name":"Blue Ridge Partnership Health Science Careers","article_modified_time":"2025-08-14T19:26:20+00:00","og_image":[{"width":2560,"height":491,"url":"https:\/\/dev.virginiahealthcareers.org\/blue-ridge\/wp-content\/uploads\/sites\/2\/2022\/03\/c3e452_0a9c8ee373a34e109871f41600687ad1mv2_d_4032_3024_s_4_2-scaled.webp","type":"image\/webp"}],"twitter_card":"summary_large_image","twitter_misc":{"Tiempo de lectura":"1 minuto"},"schema":{"@context":"https:\/\/schema.org","@graph":[{"@type":"WebPage","@id":"https:\/\/dev.virginiahealthcareers.org\/blue-ridge\/es\/le-interesan-las-carreras-sanitarias\/infografia\/mapas-de-carreras\/","url":"https:\/\/dev.virginiahealthcareers.org\/blue-ridge\/es\/le-interesan-las-carreras-sanitarias\/infografia\/mapas-de-carreras\/","name":"Mapas de carreras - Blue Ridge Partnership Health Science Careers","isPartOf":{"@id":"https:\/\/dev.virginiahealthcareers.org\/blue-ridge\/es\/#website"},"primaryImageOfPage":{"@id":"https:\/\/dev.virginiahealthcareers.org\/blue-ridge\/es\/le-interesan-las-carreras-sanitarias\/infografia\/mapas-de-carreras\/#primaryimage"},"image":{"@id":"https:\/\/dev.virginiahealthcareers.org\/blue-ridge\/es\/le-interesan-las-carreras-sanitarias\/infografia\/mapas-de-carreras\/#primaryimage"},"thumbnailUrl":"https:\/\/dev.virginiahealthcareers.org\/blue-ridge\/wp-content\/uploads\/sites\/2\/2022\/03\/c3e452_0a9c8ee373a34e109871f41600687ad1mv2_d_4032_3024_s_4_2-scaled.webp","datePublished":"2022-03-25T18:03:42+00:00","dateModified":"2025-08-14T19:26:20+00:00","breadcrumb":{"@id":"https:\/\/dev.virginiahealthcareers.org\/blue-ridge\/es\/le-interesan-las-carreras-sanitarias\/infografia\/mapas-de-carreras\/#breadcrumb"},"inLanguage":"es","potentialAction":[{"@type":"ReadAction","target":["https:\/\/dev.virginiahealthcareers.org\/blue-ridge\/es\/le-interesan-las-carreras-sanitarias\/infografia\/mapas-de-carreras\/"]}]},{"@type":"ImageObject","inLanguage":"es","@id":"https:\/\/dev.virginiahealthcareers.org\/blue-ridge\/es\/le-interesan-las-carreras-sanitarias\/infografia\/mapas-de-carreras\/#primaryimage","url":"https:\/\/dev.virginiahealthcareers.org\/blue-ridge\/wp-content\/uploads\/sites\/2\/2022\/03\/c3e452_0a9c8ee373a34e109871f41600687ad1mv2_d_4032_3024_s_4_2-scaled.webp","contentUrl":"https:\/\/dev.virginiahealthcareers.org\/blue-ridge\/wp-content\/uploads\/sites\/2\/2022\/03\/c3e452_0a9c8ee373a34e109871f41600687ad1mv2_d_4032_3024_s_4_2-scaled.webp","width":2560,"height":491},{"@type":"BreadcrumbList","@id":"https:\/\/dev.virginiahealthcareers.org\/blue-ridge\/es\/le-interesan-las-carreras-sanitarias\/infografia\/mapas-de-carreras\/#breadcrumb","itemListElement":[{"@type":"ListItem","position":1,"name":"Home","item":"https:\/\/dev.virginiahealthcareers.org\/blue-ridge\/es\/"},{"@type":"ListItem","position":2,"name":"Carreras Profesionales En Salud","item":"https:\/\/dev.virginiahealthcareers.org\/blue-ridge\/es\/health-careers\/"},{"@type":"ListItem","position":3,"name":"Infograf\u00eda","item":"https:\/\/dev.virginiahealthcareers.org\/blue-ridge\/es\/health-careers\/infographic\/"},{"@type":"ListItem","position":4,"name":"Mapas de carreras"}]},{"@type":"WebSite","@id":"https:\/\/dev.virginiahealthcareers.org\/blue-ridge\/es\/#website","url":"https:\/\/dev.virginiahealthcareers.org\/blue-ridge\/es\/","name":"Blue Ridge Partnership Health Science Careers","description":"A career for everyone","publisher":{"@id":"https:\/\/dev.virginiahealthcareers.org\/blue-ridge\/es\/#organization"},"potentialAction":[{"@type":"SearchAction","target":{"@type":"EntryPoint","urlTemplate":"https:\/\/dev.virginiahealthcareers.org\/blue-ridge\/es\/?s={search_term_string}"},"query-input":{"@type":"PropertyValueSpecification","valueRequired":true,"valueName":"search_term_string"}}],"inLanguage":"es"},{"@type":"Organization","@id":"https:\/\/dev.virginiahealthcareers.org\/blue-ridge\/es\/#organization","name":"Blue Ridge Partnership for Health Science Careers","url":"https:\/\/dev.virginiahealthcareers.org\/blue-ridge\/es\/","logo":{"@type":"ImageObject","inLanguage":"es","@id":"https:\/\/dev.virginiahealthcareers.org\/blue-ridge\/es\/#\/schema\/logo\/image\/","url":"https:\/\/dev.virginiahealthcareers.org\/blue-ridge\/wp-content\/uploads\/sites\/2\/2021\/11\/header-logo.png","contentUrl":"https:\/\/dev.virginiahealthcareers.org\/blue-ridge\/wp-content\/uploads\/sites\/2\/2021\/11\/header-logo.png","width":824,"height":264,"caption":"Blue Ridge Partnership for Health Science Careers"},"image":{"@id":"https:\/\/dev.virginiahealthcareers.org\/blue-ridge\/es\/#\/schema\/logo\/image\/"}}]}},"_links":{"self":[{"href":"https:\/\/dev.virginiahealthcareers.org\/blue-ridge\/es\/wp-json\/wp\/v2\/pages\/924","targetHints":{"allow":["GET"]}}],"collection":[{"href":"https:\/\/dev.virginiahealthcareers.org\/blue-ridge\/es\/wp-json\/wp\/v2\/pages"}],"about":[{"href":"https:\/\/dev.virginiahealthcareers.org\/blue-ridge\/es\/wp-json\/wp\/v2\/types\/page"}],"author":[{"embeddable":true,"href":"https:\/\/dev.virginiahealthcareers.org\/blue-ridge\/es\/wp-json\/wp\/v2\/users\/2"}],"replies":[{"embeddable":true,"href":"https:\/\/dev.virginiahealthcareers.org\/blue-ridge\/es\/wp-json\/wp\/v2\/comments?post=924"}],"version-history":[{"count":1,"href":"https:\/\/dev.virginiahealthcareers.org\/blue-ridge\/es\/wp-json\/wp\/v2\/pages\/924\/revisions"}],"predecessor-version":[{"id":930,"href":"https:\/\/dev.virginiahealthcareers.org\/blue-ridge\/es\/wp-json\/wp\/v2\/pages\/924\/revisions\/930"}],"up":[{"embeddable":true,"href":"https:\/\/dev.virginiahealthcareers.org\/blue-ridge\/es\/wp-json\/wp\/v2\/pages\/897"}],"wp:featuredmedia":[{"embeddable":true,"href":"https:\/\/dev.virginiahealthcareers.org\/blue-ridge\/es\/wp-json\/wp\/v2\/media\/827"}],"wp:attachment":[{"href":"https:\/\/dev.virginiahealthcareers.org\/blue-ridge\/es\/wp-json\/wp\/v2\/media?parent=924"}],"curies":[{"name":"wp","href":"https:\/\/api.w.org\/{rel}","templated":true}]}}