{"id":940,"date":"2021-12-14T14:53:50","date_gmt":"2021-12-14T19:53:50","guid":{"rendered":"https:\/\/demo.visitaccess.com\/brphsc\/sobre-nosotros\/liderazgo\/"},"modified":"2025-08-14T15:26:20","modified_gmt":"2025-08-14T19:26:20","slug":"liderazgo","status":"publish","type":"page","link":"https:\/\/dev.virginiahealthcareers.org\/blue-ridge\/es\/sobre-nosotros\/liderazgo\/","title":{"rendered":"Liderazgo"},"content":{"rendered":"\n<p>Blue Ridge Partnership for Health Science Careers funciona a trav\u00e9s de los l\u00edderes de la comunidad que valoran y conocen la importancia de las ciencias biol\u00f3gicas y de la salud. Consulte la barra lateral para obtener una lista de los miembros fundadores del comit\u00e9 ejecutivo. <\/p>\n\n<figure class=\"wp-block-image size-large\"><img loading=\"lazy\" decoding=\"async\" width=\"1024\" height=\"576\" src=\"https:\/\/dev.virginiahealthcareers.org\/blue-ridge\/wp-content\/uploads\/sites\/2\/2022\/03\/BRPHSC-Org-chart-3.11.22-pdf-1024x576.jpg\" alt=\"\" class=\"wp-image-532\"\/><\/figure>\n<p>\u00bfLe interesa participar? Comun\u00edquese con nosotros mediante el formulario a continuaci\u00f3n. <\/p>\n","protected":false},"excerpt":{"rendered":"<p>Blue Ridge Partnership for Health Science Careers funciona a trav\u00e9s de los l\u00edderes de la comunidad que valoran y conocen la importancia de las ciencias biol\u00f3gicas y de la salud. Consulte la barra lateral para obtener una lista de los miembros fundadores del comit\u00e9 ejecutivo. \u00bfLe interesa participar? Comun\u00edquese con nosotros mediante el formulario a [&#8230;]<\/p>\n<p><a class=\"btn btn-secondary understrap-read-more-link\" href=\"https:\/\/dev.virginiahealthcareers.org\/blue-ridge\/es\/sobre-nosotros\/liderazgo\/\">Leer m\u00e1s&#8230;<\/a><\/p>\n","protected":false},"author":2,"featured_media":0,"parent":911,"menu_order":0,"comment_status":"closed","ping_status":"closed","template":"page-templates\/page-default-interior.php","meta":{"_acf_changed":false,"inline_featured_image":false,"footnotes":""},"class_list":["post-940","page","type-page","status-publish","hentry"],"acf":[],"yoast_head":"<!-- This site is optimized with the Yoast SEO plugin v25.7 - https:\/\/yoast.com\/wordpress\/plugins\/seo\/ -->\n<title>Liderazgo - Blue Ridge Partnership Health Science Careers<\/title>\n<meta name=\"robots\" content=\"index, follow, max-snippet:-1, max-image-preview:large, max-video-preview:-1\" \/>\n<link rel=\"canonical\" href=\"https:\/\/dev.virginiahealthcareers.org\/blue-ridge\/es\/sobre-nosotros\/liderazgo\/\" \/>\n<meta property=\"og:locale\" content=\"es_ES\" \/>\n<meta property=\"og:type\" content=\"article\" \/>\n<meta property=\"og:title\" content=\"Liderazgo - Blue Ridge Partnership Health Science Careers\" \/>\n<meta property=\"og:description\" content=\"Blue Ridge Partnership for Health Science Careers funciona a trav\u00e9s de los l\u00edderes de la comunidad que valoran y conocen la importancia de las ciencias biol\u00f3gicas y de la salud. Consulte la barra lateral para obtener una lista de los miembros fundadores del comit\u00e9 ejecutivo. \u00bfLe interesa participar? Comun\u00edquese con nosotros mediante el formulario a [...]Leer m\u00e1s...\" \/>\n<meta property=\"og:url\" content=\"https:\/\/dev.virginiahealthcareers.org\/blue-ridge\/es\/sobre-nosotros\/liderazgo\/\" \/>\n<meta property=\"og:site_name\" content=\"Blue Ridge Partnership Health Science Careers\" \/>\n<meta property=\"article:modified_time\" content=\"2025-08-14T19:26:20+00:00\" \/>\n<meta property=\"og:image\" content=\"https:\/\/dev.virginiahealthcareers.org\/blue-ridge\/wp-content\/uploads\/sites\/2\/2022\/03\/BRPHSC-Org-chart-3.11.22-pdf-1024x576.jpg\" \/>\n<meta name=\"twitter:card\" content=\"summary_large_image\" \/>\n<meta name=\"twitter:label1\" content=\"Tiempo de lectura\" \/>\n\t<meta name=\"twitter:data1\" content=\"1 minuto\" \/>\n<script type=\"application\/ld+json\" class=\"yoast-schema-graph\">{\"@context\":\"https:\/\/schema.org\",\"@graph\":[{\"@type\":\"WebPage\",\"@id\":\"https:\/\/dev.virginiahealthcareers.org\/blue-ridge\/es\/sobre-nosotros\/liderazgo\/\",\"url\":\"https:\/\/dev.virginiahealthcareers.org\/blue-ridge\/es\/sobre-nosotros\/liderazgo\/\",\"name\":\"Liderazgo - Blue Ridge Partnership Health Science Careers\",\"isPartOf\":{\"@id\":\"https:\/\/dev.virginiahealthcareers.org\/blue-ridge\/es\/#website\"},\"primaryImageOfPage\":{\"@id\":\"https:\/\/dev.virginiahealthcareers.org\/blue-ridge\/es\/sobre-nosotros\/liderazgo\/#primaryimage\"},\"image\":{\"@id\":\"https:\/\/dev.virginiahealthcareers.org\/blue-ridge\/es\/sobre-nosotros\/liderazgo\/#primaryimage\"},\"thumbnailUrl\":\"https:\/\/dev.virginiahealthcareers.org\/blue-ridge\/wp-content\/uploads\/sites\/2\/2022\/03\/BRPHSC-Org-chart-3.11.22-pdf-1024x576.jpg\",\"datePublished\":\"2021-12-14T19:53:50+00:00\",\"dateModified\":\"2025-08-14T19:26:20+00:00\",\"breadcrumb\":{\"@id\":\"https:\/\/dev.virginiahealthcareers.org\/blue-ridge\/es\/sobre-nosotros\/liderazgo\/#breadcrumb\"},\"inLanguage\":\"es\",\"potentialAction\":[{\"@type\":\"ReadAction\",\"target\":[\"https:\/\/dev.virginiahealthcareers.org\/blue-ridge\/es\/sobre-nosotros\/liderazgo\/\"]}]},{\"@type\":\"ImageObject\",\"inLanguage\":\"es\",\"@id\":\"https:\/\/dev.virginiahealthcareers.org\/blue-ridge\/es\/sobre-nosotros\/liderazgo\/#primaryimage\",\"url\":\"https:\/\/dev.virginiahealthcareers.org\/blue-ridge\/wp-content\/uploads\/sites\/2\/2022\/03\/BRPHSC-Org-chart-3.11.22-pdf-1024x576.jpg\",\"contentUrl\":\"https:\/\/dev.virginiahealthcareers.org\/blue-ridge\/wp-content\/uploads\/sites\/2\/2022\/03\/BRPHSC-Org-chart-3.11.22-pdf-1024x576.jpg\"},{\"@type\":\"BreadcrumbList\",\"@id\":\"https:\/\/dev.virginiahealthcareers.org\/blue-ridge\/es\/sobre-nosotros\/liderazgo\/#breadcrumb\",\"itemListElement\":[{\"@type\":\"ListItem\",\"position\":1,\"name\":\"Home\",\"item\":\"https:\/\/dev.virginiahealthcareers.org\/blue-ridge\/es\/\"},{\"@type\":\"ListItem\",\"position\":2,\"name\":\"Acerca de nosotros\",\"item\":\"https:\/\/dev.virginiahealthcareers.org\/blue-ridge\/es\/about-us\/\"},{\"@type\":\"ListItem\",\"position\":3,\"name\":\"Liderazgo\"}]},{\"@type\":\"WebSite\",\"@id\":\"https:\/\/dev.virginiahealthcareers.org\/blue-ridge\/es\/#website\",\"url\":\"https:\/\/dev.virginiahealthcareers.org\/blue-ridge\/es\/\",\"name\":\"Blue Ridge Partnership Health Science Careers\",\"description\":\"A career for everyone\",\"publisher\":{\"@id\":\"https:\/\/dev.virginiahealthcareers.org\/blue-ridge\/es\/#organization\"},\"potentialAction\":[{\"@type\":\"SearchAction\",\"target\":{\"@type\":\"EntryPoint\",\"urlTemplate\":\"https:\/\/dev.virginiahealthcareers.org\/blue-ridge\/es\/?s={search_term_string}\"},\"query-input\":{\"@type\":\"PropertyValueSpecification\",\"valueRequired\":true,\"valueName\":\"search_term_string\"}}],\"inLanguage\":\"es\"},{\"@type\":\"Organization\",\"@id\":\"https:\/\/dev.virginiahealthcareers.org\/blue-ridge\/es\/#organization\",\"name\":\"Blue Ridge Partnership for Health Science Careers\",\"url\":\"https:\/\/dev.virginiahealthcareers.org\/blue-ridge\/es\/\",\"logo\":{\"@type\":\"ImageObject\",\"inLanguage\":\"es\",\"@id\":\"https:\/\/dev.virginiahealthcareers.org\/blue-ridge\/es\/#\/schema\/logo\/image\/\",\"url\":\"https:\/\/dev.virginiahealthcareers.org\/blue-ridge\/wp-content\/uploads\/sites\/2\/2021\/11\/header-logo.png\",\"contentUrl\":\"https:\/\/dev.virginiahealthcareers.org\/blue-ridge\/wp-content\/uploads\/sites\/2\/2021\/11\/header-logo.png\",\"width\":824,\"height\":264,\"caption\":\"Blue Ridge Partnership for Health Science Careers\"},\"image\":{\"@id\":\"https:\/\/dev.virginiahealthcareers.org\/blue-ridge\/es\/#\/schema\/logo\/image\/\"}}]}<\/script>\n<!-- \/ Yoast SEO plugin. -->","yoast_head_json":{"title":"Liderazgo - Blue Ridge Partnership Health Science Careers","robots":{"index":"index","follow":"follow","max-snippet":"max-snippet:-1","max-image-preview":"max-image-preview:large","max-video-preview":"max-video-preview:-1"},"canonical":"https:\/\/dev.virginiahealthcareers.org\/blue-ridge\/es\/sobre-nosotros\/liderazgo\/","og_locale":"es_ES","og_type":"article","og_title":"Liderazgo - Blue Ridge Partnership Health Science Careers","og_description":"Blue Ridge Partnership for Health Science Careers funciona a trav\u00e9s de los l\u00edderes de la comunidad que valoran y conocen la importancia de las ciencias biol\u00f3gicas y de la salud. Consulte la barra lateral para obtener una lista de los miembros fundadores del comit\u00e9 ejecutivo. \u00bfLe interesa participar? Comun\u00edquese con nosotros mediante el formulario a [...]Leer m\u00e1s...","og_url":"https:\/\/dev.virginiahealthcareers.org\/blue-ridge\/es\/sobre-nosotros\/liderazgo\/","og_site_name":"Blue Ridge Partnership Health Science Careers","article_modified_time":"2025-08-14T19:26:20+00:00","og_image":[{"url":"https:\/\/dev.virginiahealthcareers.org\/blue-ridge\/wp-content\/uploads\/sites\/2\/2022\/03\/BRPHSC-Org-chart-3.11.22-pdf-1024x576.jpg","type":"","width":"","height":""}],"twitter_card":"summary_large_image","twitter_misc":{"Tiempo de lectura":"1 minuto"},"schema":{"@context":"https:\/\/schema.org","@graph":[{"@type":"WebPage","@id":"https:\/\/dev.virginiahealthcareers.org\/blue-ridge\/es\/sobre-nosotros\/liderazgo\/","url":"https:\/\/dev.virginiahealthcareers.org\/blue-ridge\/es\/sobre-nosotros\/liderazgo\/","name":"Liderazgo - Blue Ridge Partnership Health Science Careers","isPartOf":{"@id":"https:\/\/dev.virginiahealthcareers.org\/blue-ridge\/es\/#website"},"primaryImageOfPage":{"@id":"https:\/\/dev.virginiahealthcareers.org\/blue-ridge\/es\/sobre-nosotros\/liderazgo\/#primaryimage"},"image":{"@id":"https:\/\/dev.virginiahealthcareers.org\/blue-ridge\/es\/sobre-nosotros\/liderazgo\/#primaryimage"},"thumbnailUrl":"https:\/\/dev.virginiahealthcareers.org\/blue-ridge\/wp-content\/uploads\/sites\/2\/2022\/03\/BRPHSC-Org-chart-3.11.22-pdf-1024x576.jpg","datePublished":"2021-12-14T19:53:50+00:00","dateModified":"2025-08-14T19:26:20+00:00","breadcrumb":{"@id":"https:\/\/dev.virginiahealthcareers.org\/blue-ridge\/es\/sobre-nosotros\/liderazgo\/#breadcrumb"},"inLanguage":"es","potentialAction":[{"@type":"ReadAction","target":["https:\/\/dev.virginiahealthcareers.org\/blue-ridge\/es\/sobre-nosotros\/liderazgo\/"]}]},{"@type":"ImageObject","inLanguage":"es","@id":"https:\/\/dev.virginiahealthcareers.org\/blue-ridge\/es\/sobre-nosotros\/liderazgo\/#primaryimage","url":"https:\/\/dev.virginiahealthcareers.org\/blue-ridge\/wp-content\/uploads\/sites\/2\/2022\/03\/BRPHSC-Org-chart-3.11.22-pdf-1024x576.jpg","contentUrl":"https:\/\/dev.virginiahealthcareers.org\/blue-ridge\/wp-content\/uploads\/sites\/2\/2022\/03\/BRPHSC-Org-chart-3.11.22-pdf-1024x576.jpg"},{"@type":"BreadcrumbList","@id":"https:\/\/dev.virginiahealthcareers.org\/blue-ridge\/es\/sobre-nosotros\/liderazgo\/#breadcrumb","itemListElement":[{"@type":"ListItem","position":1,"name":"Home","item":"https:\/\/dev.virginiahealthcareers.org\/blue-ridge\/es\/"},{"@type":"ListItem","position":2,"name":"Acerca de nosotros","item":"https:\/\/dev.virginiahealthcareers.org\/blue-ridge\/es\/about-us\/"},{"@type":"ListItem","position":3,"name":"Liderazgo"}]},{"@type":"WebSite","@id":"https:\/\/dev.virginiahealthcareers.org\/blue-ridge\/es\/#website","url":"https:\/\/dev.virginiahealthcareers.org\/blue-ridge\/es\/","name":"Blue Ridge Partnership Health Science Careers","description":"A career for everyone","publisher":{"@id":"https:\/\/dev.virginiahealthcareers.org\/blue-ridge\/es\/#organization"},"potentialAction":[{"@type":"SearchAction","target":{"@type":"EntryPoint","urlTemplate":"https:\/\/dev.virginiahealthcareers.org\/blue-ridge\/es\/?s={search_term_string}"},"query-input":{"@type":"PropertyValueSpecification","valueRequired":true,"valueName":"search_term_string"}}],"inLanguage":"es"},{"@type":"Organization","@id":"https:\/\/dev.virginiahealthcareers.org\/blue-ridge\/es\/#organization","name":"Blue Ridge Partnership for Health Science Careers","url":"https:\/\/dev.virginiahealthcareers.org\/blue-ridge\/es\/","logo":{"@type":"ImageObject","inLanguage":"es","@id":"https:\/\/dev.virginiahealthcareers.org\/blue-ridge\/es\/#\/schema\/logo\/image\/","url":"https:\/\/dev.virginiahealthcareers.org\/blue-ridge\/wp-content\/uploads\/sites\/2\/2021\/11\/header-logo.png","contentUrl":"https:\/\/dev.virginiahealthcareers.org\/blue-ridge\/wp-content\/uploads\/sites\/2\/2021\/11\/header-logo.png","width":824,"height":264,"caption":"Blue Ridge Partnership for Health Science Careers"},"image":{"@id":"https:\/\/dev.virginiahealthcareers.org\/blue-ridge\/es\/#\/schema\/logo\/image\/"}}]}},"_links":{"self":[{"href":"https:\/\/dev.virginiahealthcareers.org\/blue-ridge\/es\/wp-json\/wp\/v2\/pages\/940","targetHints":{"allow":["GET"]}}],"collection":[{"href":"https:\/\/dev.virginiahealthcareers.org\/blue-ridge\/es\/wp-json\/wp\/v2\/pages"}],"about":[{"href":"https:\/\/dev.virginiahealthcareers.org\/blue-ridge\/es\/wp-json\/wp\/v2\/types\/page"}],"author":[{"embeddable":true,"href":"https:\/\/dev.virginiahealthcareers.org\/blue-ridge\/es\/wp-json\/wp\/v2\/users\/2"}],"replies":[{"embeddable":true,"href":"https:\/\/dev.virginiahealthcareers.org\/blue-ridge\/es\/wp-json\/wp\/v2\/comments?post=940"}],"version-history":[{"count":13,"href":"https:\/\/dev.virginiahealthcareers.org\/blue-ridge\/es\/wp-json\/wp\/v2\/pages\/940\/revisions"}],"predecessor-version":[{"id":1506,"href":"https:\/\/dev.virginiahealthcareers.org\/blue-ridge\/es\/wp-json\/wp\/v2\/pages\/940\/revisions\/1506"}],"up":[{"embeddable":true,"href":"https:\/\/dev.virginiahealthcareers.org\/blue-ridge\/es\/wp-json\/wp\/v2\/pages\/911"}],"wp:attachment":[{"href":"https:\/\/dev.virginiahealthcareers.org\/blue-ridge\/es\/wp-json\/wp\/v2\/media?parent=940"}],"curies":[{"name":"wp","href":"https:\/\/api.w.org\/{rel}","templated":true}]}}